{"id":9598,"date":"2020-09-12T07:47:04","date_gmt":"2020-09-12T11:47:04","guid":{"rendered":"https:\/\/artspond.com\/equite\/"},"modified":"2025-01-24T12:33:13","modified_gmt":"2025-01-24T17:33:13","slug":"equite","status":"publish","type":"page","link":"https:\/\/artspond.com\/fr\/equite\/","title":{"rendered":"\u00c9quit\u00e9 et justice"},"content":{"rendered":"<p>Au Canada, des syst\u00e8mes de pouvoir bien ancr\u00e9s comme le colonialisme, le racisme syst\u00e9mique, le capacitisme, le sexisme et le classisme cr\u00e9ent des in\u00e9galit\u00e9s qui excluent de mani\u00e8re disproportionn\u00e9e les communaut\u00e9s autochtones, noires, racialis\u00e9es, sourdes, handicap\u00e9es, 2SLGBTQIA+, les jeunes et d&rsquo;autres communaut\u00e9s \u00e9conomiquement marginalis\u00e9es. Ces disparit\u00e9s ont un impact sur des domaines tels que le financement, le leadership et l&rsquo;acc\u00e8s aux opportunit\u00e9s artistiques. Il est essentiel de s&rsquo;attaquer \u00e0 ces obstacles syst\u00e9miques pour cultiver l&rsquo;\u00e9quit\u00e9 culturelle et garantir un secteur artistique prosp\u00e8re et durable.<\/p>\n<p>\u00c0 \u00c9tang d&rsquo;Arts, nous croyons que nous devons tous nous tenir responsables en reconnaissant et en remettant en question nos iniquit\u00e9s et en travaillant avec nos partenaires communautaires pour apporter un changement collectif. Tout le monde m\u00e9rite un acc\u00e8s \u00e9gal \u00e0 une vie cr\u00e9ative compl\u00e8te et dynamique, qui est essentielle \u00e0 une soci\u00e9t\u00e9 saine et vive. Gr\u00e2ce \u00e0 des espaces et des plateformes sociales, culturelles, \u00e9conomiques, physiques et num\u00e9riques, les artistes peuvent remettre en question les in\u00e9galit\u00e9s et encourager, imaginer et r\u00e9aliser des alternatives positives.<\/p>\n<p>\u00c9tang d&rsquo;Arts vise \u00e0 incarner l&rsquo;\u00e9quit\u00e9 dans ses valeurs, ses politiques et ses pratiques afin de s&rsquo;assurer que toutes les personnes sont repr\u00e9sent\u00e9es, y compris, mais sans s&rsquo;y limiter, celles qui ont \u00e9t\u00e9 historiquement sous-repr\u00e9sent\u00e9es en raison de leur \u00e2ge, de leur ascendance, de leur couleur, de leur origine ethnique, de leur race, de leur citoyennet\u00e9, de leur croyance (religion), de leur handicap, de leur orientation sexuelle, de leur sexe, de leur identit\u00e9 sexuelle et de leur statut socio-\u00e9conomique.<\/p>\n<p>Nous valorisons et donnons la priorit\u00e9 aux voix des autochtones, des 2SLGBTQIA+, des Noirs, des Marrons et des autres personnes racialis\u00e9es, des sourds et des personnes handicap\u00e9es, des jeunes, des a\u00een\u00e9s, des femmes, des nouveaux arrivants, des minorit\u00e9s linguistiques officielles et autres, des communaut\u00e9s rurales et \u00e9loign\u00e9es, et d&rsquo;autres groupes en qu\u00eate d&rsquo;\u00e9quit\u00e9 et de justice. Nous le faisons dans l&rsquo;intention de d\u00e9velopper une politique artistique plus \u00e9quitable, de mieux responsabiliser les artistes et les travailleurs culturels mal desservis, et de favoriser des espaces plus accessibles et une distribution \u00e9quitable des ressources sociales, physiques, \u00e9conomiques, culturelles, num\u00e9riques et informationnelles.<\/p>\n<p>&nbsp;<\/p>\n<h3>Reconnaissance de la terre<\/h3>\n<p>Nous honorons les territoires traditionnels des peuples autochtones qui ont pris soin de cette terre, aujourd&rsquo;hui appel\u00e9e Canada, depuis d&rsquo;innombrables g\u00e9n\u00e9rations. Depuis notre bureau de Tkaronto (Toronto), nous exprimons notre gratitude pour la possibilit\u00e9 de vivre et de travailler sur les terres ancestrales des Anishinaabeg, des Chippewa, des Haudenosaunee, des Hurons-Wendat et des Mississaugas du Cr\u00e9dit. Ces territoires font partie du trait\u00e9 13 et du Dish with One Spoon Wampum Covenant et demeurent le foyer de nombreuses et diverses nations autochtones, y compris les Premi\u00e8res nations, les Inuits et les M\u00e9tis.<\/p>\n<p>Nous reconnaissons que les peuples autochtones sont les gardiens de l&rsquo;\u00eele de la Tortue et nous honorons leurs traditions, leurs cultures et leurs h\u00e9ritages dans tous les domaines de la vie, y compris dans les espaces num\u00e9riques. Nous reconnaissons \u00e9galement les m\u00e9faits du colonialisme, notamment la perte de terres, de langues et de traditions.<\/p>\n<p>Les arts et la culture jouent un r\u00f4le essentiel dans la gu\u00e9rison et la d\u00e9colonisation. Nous nous engageons \u00e0 soutenir la souverainet\u00e9, l&rsquo;autod\u00e9termination, l&rsquo;autosuffisance et l&rsquo;autonomie des peuples autochtones, et \u00e0 faire avancer les recommandations de la Commission V\u00e9rit\u00e9 et R\u00e9conciliation. Nous nous engageons \u00e9galement \u00e0 soutenir les mouvements dirig\u00e9s par les autochtones, tels que la Land Back, le soutien financier aux survivants des pensionnats, et \u00e0 \u0153uvrer pour un avenir o\u00f9 les communaut\u00e9s autochtones et non autochtones prosp\u00e8rent ensemble. Nous nous engageons \u00e9galement \u00e0 veiller \u00e0 ce que notre travail dans les espaces num\u00e9riques soit conforme \u00e0 la souverainet\u00e9, aux protocoles et aux pratiques autochtones.<\/p>\n<p>&nbsp;<\/p>\n<h3>Reconnaissance des anc\u00eatres africains<\/h3>\n<p>Nous rendons hommage aux anc\u00eatres d&rsquo;origine et de descendance africaines, y compris ceux qui sont venus ici par choix et ceux qui ont \u00e9t\u00e9 amen\u00e9s ici par la violence de la traite n\u00e9gri\u00e8re transatlantique et de l&rsquo;esclavage. Leurs forces et leurs contributions continuent de fa\u00e7onner profond\u00e9ment nos communaut\u00e9s et notre culture.<\/p>\n<p>Nous reconnaissons les effets persistants du racisme anti-Noir, de la discrimination syst\u00e9mique et de la violence enracin\u00e9e dans le colonialisme, le capitalisme et la supr\u00e9matie blanche. Ces injustices persistent dans l&rsquo;\u00e9ducation, les soins de sant\u00e9 et le syst\u00e8me de justice p\u00e9nale, o\u00f9 le maintien de l&rsquo;ordre et l&rsquo;incarc\u00e9ration nuisent de mani\u00e8re disproportionn\u00e9e aux communaut\u00e9s noires.<\/p>\n<p>Les arts et la culture sont des outils puissants pour faire face \u00e0 ces h\u00e9ritages n\u00e9fastes, amplifier les voix noires et c\u00e9l\u00e9brer l&rsquo;excellence noire. Nous nous engageons \u00e0 soutenir les initiatives men\u00e9es par les Noirs, comme Black Lives Matter, et \u00e0 cultiver des espaces o\u00f9 les descendants d&rsquo;Africains sont responsabilis\u00e9s et o\u00f9 les communaut\u00e9s s&rsquo;\u00e9panouissent.<\/p>\n<p>&nbsp;<\/p>\n<h3>Reconnaissance des sourds et des handicap\u00e9s<\/h3>\n<p>Nous rendons hommage aux contributions des communaut\u00e9s sourdes et handicap\u00e9es, dont la cr\u00e9ativit\u00e9, les traditions et les perspectives enrichissent notre culture et notre soci\u00e9t\u00e9. Leur leadership dans la promotion de l&rsquo;attention, de la connexion et de l&rsquo;accessibilit\u00e9 est une source d&rsquo;inspiration pour nous tous.<\/p>\n<p>Nous reconnaissons les effets persistants du capacitisme, de l&rsquo;audisme et d&rsquo;autres formes de discrimination qui ont exclu les personnes sourdes et handicap\u00e9es de la vie publique et de la prise de d\u00e9cision. Ces syst\u00e8mes ont cr\u00e9\u00e9 des obstacles \u00e0 l&rsquo;\u00e9ducation, \u00e0 l&#8217;emploi, aux soins de sant\u00e9 et \u00e0 l&rsquo;inclusion sociale.<\/p>\n<p>Les arts et la culture peuvent jouer un r\u00f4le puissant en amplifiant les voix des sourds et des handicap\u00e9s, en cultivant les liens et en luttant contre la stigmatisation. Nous nous engageons \u00e0 rendre ces espaces v\u00e9ritablement accessibles et \u00e9quitables, en promouvant les principes de la justice pour les personnes handicap\u00e9es, de la surdit\u00e9 et du gain en mati\u00e8re de surdit\u00e9, afin de garantir \u00e0 chacun la possibilit\u00e9 de s&rsquo;\u00e9panouir. Nous nous engageons \u00e9galement \u00e0 promouvoir des approches intersectionnelles de l&rsquo;\u00e9quit\u00e9 et de la justice qui abordent de mani\u00e8re significative la fa\u00e7on dont la race, le genre et d&rsquo;autres identit\u00e9s se croisent avec les exp\u00e9riences li\u00e9es au handicap et \u00e0 la surdit\u00e9, y compris la fa\u00e7on dont les pr\u00e9judices peuvent \u00eatre aggrav\u00e9s \u00e0 ces intersections.<\/p>\n<p>&nbsp;<\/p>\n<h3>Reconnaissance en dehors du noyau central<\/h3>\n<p>Nous rendons hommage \u00e0 la vitalit\u00e9 et aux contributions des artistes et des travailleurs culturels des banlieues, des r\u00e9gions rurales et des communaut\u00e9s \u00e9loign\u00e9es, dont les traditions, les histoires et les innovations uniques enrichissent le paysage culturel du Canada.<\/p>\n<p>Nous reconnaissons les obstacles syst\u00e9miques auxquels ces communaut\u00e9s sont confront\u00e9es, notamment l&rsquo;isolement g\u00e9ographique, l&rsquo;acc\u00e8s limit\u00e9 au financement et aux ressources, et les lacunes en mati\u00e8re de connectivit\u00e9 num\u00e9rique. Ces obstacles et d&rsquo;autres entravent leur capacit\u00e9 \u00e0 participer pleinement au secteur national des arts et de la culture et \u00e0 le fa\u00e7onner, ce qui fait que leurs contributions sont souvent sous-repr\u00e9sent\u00e9es ou n\u00e9glig\u00e9es.<\/p>\n<p>Les arts et la culture peuvent jouer un r\u00f4le transformateur pour relever ces d\u00e9fis en cr\u00e9ant des opportunit\u00e9s de connexion, en amplifiant les voix r\u00e9gionales et en assurant un acc\u00e8s \u00e9quitable aux ressources. Nous nous engageons \u00e0 collaborer avec les communaut\u00e9s suburbaines, rurales et \u00e9loign\u00e9es afin d&rsquo;entretenir des \u00e9cosyst\u00e8mes de cr\u00e9ativit\u00e9 prosp\u00e8res. En d\u00e9fendant l&rsquo;\u00e9quit\u00e9 et en soutenant les plateformes qui c\u00e9l\u00e8brent leurs contributions, nous voulons permettre \u00e0 tous les cr\u00e9ateurs, quelle que soit leur situation g\u00e9ographique, de s&rsquo;\u00e9panouir et d&rsquo;enrichir le tissu culturel collectif du Canada.<\/p>\n<p>&nbsp;<\/p>\n<h3>Reconnaissance des personnes 2SLGBTQIA+<\/h3>\n<p>Nous rendons hommage aux contributions des personnes 2SLGBTQIA+, y compris les personnes bispirituelles, lesbiennes, gays, bisexuelles, transgenres, queers, en questionnement, intersexu\u00e9es, asexuelles et autres communaut\u00e9s de genre et de sexualit\u00e9. Leur r\u00e9silience, leur cr\u00e9ativit\u00e9 et leur leadership ont enrichi notre culture et favoris\u00e9 l&rsquo;inclusion, l&rsquo;\u00e9quit\u00e9 et la justice pour tous.<\/p>\n<p>Nous reconnaissons les pr\u00e9judices caus\u00e9s par la discrimination syst\u00e9mique, l&rsquo;homophobie, la transphobie et l&rsquo;effacement des identit\u00e9s et de l&rsquo;histoire des 2SLGBTQIA+. Ces injustices persistent dans de nombreux domaines, notamment les soins de sant\u00e9, l&rsquo;\u00e9ducation, l&#8217;emploi et la s\u00e9curit\u00e9 publique, et affectent de mani\u00e8re disproportionn\u00e9e les personnes qui se trouvent \u00e0 l&rsquo;intersection de la race, de la capacit\u00e9, de la classe et de l&rsquo;indig\u00e9n\u00e9it\u00e9.<\/p>\n<p>Les arts et la culture sont des outils puissants pour c\u00e9l\u00e9brer les voix des 2SLGBTQIA+, pr\u00e9server l&rsquo;histoire et renforcer les liens et la compr\u00e9hension. Nous nous engageons \u00e0 cr\u00e9er des espaces plus s\u00fbrs et plus positifs, \u00e0 soutenir le leadership des 2SLGBTQIA+ et \u00e0 plaider pour un monde o\u00f9 chacun peut exprimer son identit\u00e9 librement et s&rsquo;\u00e9panouir.<\/p>\n<p>&nbsp;<\/p>\n<h3>Reconnaissance des femmes, des personnes trans et des personnes non binaires<\/h3>\n<div class=\"flex-shrink-0 flex flex-col relative items-end\">\n<div>\n<div class=\"pt-0\">\n<div class=\"gizmo-bot-avatar flex h-8 w-8 items-center justify-center overflow-hidden rounded-full\">\n<div class=\"relative p-1 rounded-sm flex items-center justify-center bg-token-main-surface-primary text-token-text-primary h-8 w-8\">\n<p>Nous rendons hommage aux contributions inestimables des femmes, des personnes trans et des personnes non binaires qui fa\u00e7onnent les arts et la culture du Canada.<\/p>\n<p>Leur cr\u00e9ativit\u00e9, leur leadership et leur r\u00e9silience remettent en question les barri\u00e8res syst\u00e9miques enracin\u00e9es dans le sexisme, la transmisogynie et les normes de genre coloniales, qui affectent de mani\u00e8re disproportionn\u00e9e les personnes aux intersections de la race, de l&rsquo;indig\u00e9n\u00e9it\u00e9, de la classe et du handicap.<\/p>\n<p>Des mouvements tels que #MeToo, la Journ\u00e9e de la visibilit\u00e9 trans et l&rsquo;\u00e9galit\u00e9 des genres dans les arts ont jou\u00e9 un r\u00f4le essentiel dans la promotion de l&rsquo;\u00e9quit\u00e9 et l&rsquo;amplification des voix qui ont \u00e9t\u00e9 historiquement r\u00e9duites au silence. Nous nous engageons \u00e0 soutenir ces efforts en favorisant des espaces inclusifs, en rem\u00e9diant aux in\u00e9galit\u00e9s syst\u00e9miques en mati\u00e8re de leadership et de financement, et en c\u00e9l\u00e9brant les contributions des femmes, des personnes trans et non binaires dans tous les domaines des arts et de la culture.<\/p>\n<p>Ensemble, nous nous effor\u00e7ons de cr\u00e9er un paysage culturel prosp\u00e8re, \u00e9quitable et diversifi\u00e9, o\u00f9 chacun peut cr\u00e9er et s&rsquo;\u00e9panouir librement.<\/p>\n<p>&nbsp;<\/p>\n<\/div>\n<\/div>\n<\/div>\n<\/div>\n<\/div>\n<h3>Reconnaissance de la jeunesse<\/h3>\n<p>Nous sommes convaincus que les jeunes jouent un r\u00f4le essentiel dans la mise en \u0153uvre et la conduite d&rsquo;un changement social positif. Nous sommes toujours inspir\u00e9s par les jeunes qui luttent activement pour des \u00e9cosyst\u00e8mes humains sains, durables et \u00e9quitables dans les quartiers et les communaut\u00e9s num\u00e9riques.<\/p>\n<p>Nous nous consacrons \u00e0 la r\u00e9alisation des r\u00eaves des jeunes artisans du changement au Canada, notamment les artistes, les cr\u00e9ateurs, les concepteurs, les producteurs, les entrepreneurs, les technologues, les leaders d&rsquo;opinion, les urbanistes, les praticiens du d\u00e9veloppement durable, les architectes, les environnementalistes, les \u00e9conomistes, les politiciens, les chercheurs, les \u00e9ducateurs, et bien d&rsquo;autres encore.<\/p>\n<p>Pour ce faire, nous nous engageons \u00e0 recruter davantage de jeunes au sein de notre organisation afin d&rsquo;amplifier leurs voix et leurs points de vue, \u00e0 soutenir les initiatives men\u00e9es par des jeunes qui d\u00e9fendent l&rsquo;innovation et l&rsquo;\u00e9quit\u00e9, et \u00e0 offrir des possibilit\u00e9s de d\u00e9veloppement professionnel adapt\u00e9es aux besoins et aux aspirations uniques des jeunes. Nous nous engageons \u00e9galement \u00e0 cr\u00e9er des espaces de dialogue et de leadership pour les jeunes afin de fa\u00e7onner la prise de d\u00e9cision et d&rsquo;influencer le changement, tout en d\u00e9fendant les contributions cr\u00e9atives et culturelles des jeunes dans tous les secteurs et toutes les communaut\u00e9s.<\/p>\n<p>Nous nous engageons \u00e0 \u00e9couter attentivement les jeunes et \u00e0 laisser leurs id\u00e9es nous transformer pour le meilleur, chaque jour.<\/p>\n","protected":false},"excerpt":{"rendered":"<p>Au Canada, des syst\u00e8mes de pouvoir bien ancr\u00e9s comme le colonialisme, le racisme syst\u00e9mique, le capacitisme, le sexisme et le classisme cr\u00e9ent des in\u00e9galit\u00e9s qui excluent<span class=\"excerpt-hellip\"> [\u2026]<\/span><\/p>\n","protected":false},"author":1,"featured_media":0,"parent":0,"menu_order":0,"comment_status":"closed","ping_status":"closed","template":"","meta":{"footnotes":""},"class_list":["post-9598","page","type-page","status-publish","hentry"],"yoast_head":"<!-- This site is optimized with the Yoast SEO plugin v27.5 - https:\/\/yoast.com\/product\/yoast-seo-wordpress\/ -->\n<title>\u00c9quit\u00e9 et justice - ArtsPond<\/title>\n<meta name=\"robots\" content=\"index, follow, max-snippet:-1, max-image-preview:large, max-video-preview:-1\" \/>\n<link rel=\"canonical\" href=\"https:\/\/artspond.com\/fr\/equite\/\" \/>\n<meta property=\"og:locale\" content=\"fr_FR\" \/>\n<meta property=\"og:type\" content=\"article\" \/>\n<meta property=\"og:title\" content=\"\u00c9quit\u00e9 et justice - ArtsPond\" \/>\n<meta property=\"og:description\" content=\"Au Canada, des syst\u00e8mes de pouvoir bien ancr\u00e9s comme le colonialisme, le racisme syst\u00e9mique, le capacitisme, le sexisme et le classisme cr\u00e9ent des in\u00e9galit\u00e9s qui excluent [\u2026]\" \/>\n<meta property=\"og:url\" content=\"https:\/\/artspond.com\/fr\/equite\/\" \/>\n<meta property=\"og:site_name\" content=\"ArtsPond\" \/>\n<meta property=\"article:modified_time\" content=\"2025-01-24T17:33:13+00:00\" \/>\n<meta name=\"twitter:card\" content=\"summary_large_image\" \/>\n<meta name=\"twitter:label1\" content=\"Dur\u00e9e de lecture estim\u00e9e\" \/>\n\t<meta name=\"twitter:data1\" content=\"10 minutes\" \/>\n<script type=\"application\/ld+json\" class=\"yoast-schema-graph\">{\"@context\":\"https:\\\/\\\/schema.org\",\"@graph\":[{\"@type\":\"WebPage\",\"@id\":\"https:\\\/\\\/artspond.com\\\/fr\\\/equite\\\/\",\"url\":\"https:\\\/\\\/artspond.com\\\/fr\\\/equite\\\/\",\"name\":\"\u00c9quit\u00e9 et justice - ArtsPond\",\"isPartOf\":{\"@id\":\"https:\\\/\\\/artspond.com\\\/fr\\\/#website\"},\"datePublished\":\"2020-09-12T11:47:04+00:00\",\"dateModified\":\"2025-01-24T17:33:13+00:00\",\"breadcrumb\":{\"@id\":\"https:\\\/\\\/artspond.com\\\/fr\\\/equite\\\/#breadcrumb\"},\"inLanguage\":\"fr-FR\",\"potentialAction\":[{\"@type\":\"ReadAction\",\"target\":[\"https:\\\/\\\/artspond.com\\\/fr\\\/equite\\\/\"]}]},{\"@type\":\"BreadcrumbList\",\"@id\":\"https:\\\/\\\/artspond.com\\\/fr\\\/equite\\\/#breadcrumb\",\"itemListElement\":[{\"@type\":\"ListItem\",\"position\":1,\"name\":\"Home\",\"item\":\"https:\\\/\\\/artspond.com\\\/fr\\\/\"},{\"@type\":\"ListItem\",\"position\":2,\"name\":\"\u00c9quit\u00e9 et justice\"}]},{\"@type\":\"WebSite\",\"@id\":\"https:\\\/\\\/artspond.com\\\/fr\\\/#website\",\"url\":\"https:\\\/\\\/artspond.com\\\/fr\\\/\",\"name\":\"ArtsPond\",\"description\":\"\",\"potentialAction\":[{\"@type\":\"SearchAction\",\"target\":{\"@type\":\"EntryPoint\",\"urlTemplate\":\"https:\\\/\\\/artspond.com\\\/fr\\\/?s={search_term_string}\"},\"query-input\":{\"@type\":\"PropertyValueSpecification\",\"valueRequired\":true,\"valueName\":\"search_term_string\"}}],\"inLanguage\":\"fr-FR\"}]}<\/script>\n<!-- \/ Yoast SEO plugin. -->","yoast_head_json":{"title":"\u00c9quit\u00e9 et justice - ArtsPond","robots":{"index":"index","follow":"follow","max-snippet":"max-snippet:-1","max-image-preview":"max-image-preview:large","max-video-preview":"max-video-preview:-1"},"canonical":"https:\/\/artspond.com\/fr\/equite\/","og_locale":"fr_FR","og_type":"article","og_title":"\u00c9quit\u00e9 et justice - ArtsPond","og_description":"Au Canada, des syst\u00e8mes de pouvoir bien ancr\u00e9s comme le colonialisme, le racisme syst\u00e9mique, le capacitisme, le sexisme et le classisme cr\u00e9ent des in\u00e9galit\u00e9s qui excluent [\u2026]","og_url":"https:\/\/artspond.com\/fr\/equite\/","og_site_name":"ArtsPond","article_modified_time":"2025-01-24T17:33:13+00:00","twitter_card":"summary_large_image","twitter_misc":{"Dur\u00e9e de lecture estim\u00e9e":"10 minutes"},"schema":{"@context":"https:\/\/schema.org","@graph":[{"@type":"WebPage","@id":"https:\/\/artspond.com\/fr\/equite\/","url":"https:\/\/artspond.com\/fr\/equite\/","name":"\u00c9quit\u00e9 et justice - ArtsPond","isPartOf":{"@id":"https:\/\/artspond.com\/fr\/#website"},"datePublished":"2020-09-12T11:47:04+00:00","dateModified":"2025-01-24T17:33:13+00:00","breadcrumb":{"@id":"https:\/\/artspond.com\/fr\/equite\/#breadcrumb"},"inLanguage":"fr-FR","potentialAction":[{"@type":"ReadAction","target":["https:\/\/artspond.com\/fr\/equite\/"]}]},{"@type":"BreadcrumbList","@id":"https:\/\/artspond.com\/fr\/equite\/#breadcrumb","itemListElement":[{"@type":"ListItem","position":1,"name":"Home","item":"https:\/\/artspond.com\/fr\/"},{"@type":"ListItem","position":2,"name":"\u00c9quit\u00e9 et justice"}]},{"@type":"WebSite","@id":"https:\/\/artspond.com\/fr\/#website","url":"https:\/\/artspond.com\/fr\/","name":"ArtsPond","description":"","potentialAction":[{"@type":"SearchAction","target":{"@type":"EntryPoint","urlTemplate":"https:\/\/artspond.com\/fr\/?s={search_term_string}"},"query-input":{"@type":"PropertyValueSpecification","valueRequired":true,"valueName":"search_term_string"}}],"inLanguage":"fr-FR"}]}},"_links":{"self":[{"href":"https:\/\/artspond.com\/fr\/wp-json\/wp\/v2\/pages\/9598","targetHints":{"allow":["GET"]}}],"collection":[{"href":"https:\/\/artspond.com\/fr\/wp-json\/wp\/v2\/pages"}],"about":[{"href":"https:\/\/artspond.com\/fr\/wp-json\/wp\/v2\/types\/page"}],"author":[{"embeddable":true,"href":"https:\/\/artspond.com\/fr\/wp-json\/wp\/v2\/users\/1"}],"replies":[{"embeddable":true,"href":"https:\/\/artspond.com\/fr\/wp-json\/wp\/v2\/comments?post=9598"}],"version-history":[{"count":0,"href":"https:\/\/artspond.com\/fr\/wp-json\/wp\/v2\/pages\/9598\/revisions"}],"wp:attachment":[{"href":"https:\/\/artspond.com\/fr\/wp-json\/wp\/v2\/media?parent=9598"}],"curies":[{"name":"wp","href":"https:\/\/api.w.org\/{rel}","templated":true}]}}