{"id":9390,"date":"2021-02-26T17:01:16","date_gmt":"2021-02-26T22:01:16","guid":{"rendered":"https:\/\/artspond.com\/aha-gestion-des-contacts-avec-des-feuilles-de-calcul\/"},"modified":"2021-05-17T13:31:34","modified_gmt":"2021-05-17T17:31:34","slug":"aha-gestion-des-contacts-avec-des-feuilles-de-calcul","status":"publish","type":"page","link":"https:\/\/artspond.com\/fr\/aha-gestion-des-contacts-avec-des-feuilles-de-calcul\/","title":{"rendered":"aHa ! Gestion des contacts avec des feuilles de calcul"},"content":{"rendered":"<p><strong><img fetchpriority=\"high\" decoding=\"async\" class=\"alignnone wp-image-9114\" src=\"https:\/\/artspond.com\/wp-content\/uploads\/2021\/02\/2021-03-01-AHA-Essentials-artist-producers-contacts-ap.jpg\" alt=\"\" width=\"572\" height=\"375\" \/><\/strong><\/p>\n<p><strong>aHa ! Essentiels pour les artistes-producteurs : Gestion des contacts avec des feuilles de calcul<\/strong> est une s\u00e9rie de formations vid\u00e9o en cours avec la productrice Jessa Agilo. Cette s\u00e9rie montrera, \u00e9tape par \u00e9tape, comment cr\u00e9er votre propre GRC (syst\u00e8me de gestion de la relation client) \u00e0 l&rsquo;aide de tableurs comme Excel et Google Sheets. De nouvelles le\u00e7ons seront ajout\u00e9es r\u00e9guli\u00e8rement (toutes les deux semaines) jusqu&rsquo;\u00e0 ce que le CRM soit termin\u00e9 et enti\u00e8rement fonctionnel.\u00a0 Chaque vid\u00e9o est d&rsquo;une dur\u00e9e de 10 \u00e0 25 minutes. T\u00e9l\u00e9chargez les fichiers mod\u00e8les et utilisez-les comme vous le souhaitez, ou suivez le cours et cr\u00e9ez vous-m\u00eame votre propre mod\u00e8le pour comprendre tous les tenants et aboutissants de la gestion des contacts dans des feuilles de calcul. Cette s\u00e9rie de formations a \u00e9t\u00e9 rendue possible gr\u00e2ce \u00e0 une subvention individuelle accord\u00e9e \u00e0 Jessa Agilo par le Conseil des arts du Canada.<\/p>\n<ul>\n<li>Lesson 0 (26 f\u00e9vrier 2021): <strong><strong><strong><a href=\"https:\/\/youtu.be\/r6dmUAwiDlk\" target=\"_blank\" rel=\"noopener\">Intro<\/a><\/strong><\/strong><\/strong><\/li>\n<li>Lesson 1 (26 f\u00e9vrier 2021): <strong><a href=\"https:\/\/www.youtube.com\/watch?v=6XVMX5P_5nQ\">D\u00e9marrer<\/a><\/strong> | Fichiers (Excel) : <strong><a href=\"https:\/\/artspond.com\/fr\/aha-managing-contacts-1-0-2\/\">D\u00e9but de la le\u00e7on<\/a><\/strong> \/ <strong><a href=\"https:\/\/artspond.com\/fr\/aha-managing-contacts-1-1-2\/\">Fin de la le\u00e7on<\/a><\/strong><\/li>\n<li>Le\u00e7on 2 (26 f\u00e9vrier 2021) :\u00a0<strong><a href=\"https:\/\/youtu.be\/5vI75GxuEdg\" target=\"_blank\" rel=\"noopener\">Groupes et filtres | <\/a><\/strong>Fichiers (Excel) : <strong><a href=\"https:\/\/artspond.com\/fr\/aha-managing-contacts-1-1-2\/\">Debut de la le\u00e7on<\/a>\u00a0<\/strong>\/ <strong><strong><a href=\"https:\/\/artspond.com\/fr\/aha-managing-contacts-1-2-2\/\">Fin de la le\u00e7on<\/a><\/strong><\/strong><\/li>\n<li>Le\u00e7on 3 (27 f\u00e9vrier 2021): <strong><a href=\"https:\/\/youtu.be\/B4_GDBKwrao\" target=\"_blank\" rel=\"noopener\">Validation des donn\u00e9es (phone numbers, param\u00e8tres globaux), Partie 1<\/a>\u00a0<\/strong>| Fichiers (Excel): <strong><a href=\"https:\/\/artspond.com\/fr\/aha-managing-contacts-1-2-5-2\/\">D\u00e9but de la le\u00e7on<\/a> <\/strong>\/ <strong><strong><a href=\"https:\/\/artspond.com\/fr\/aha-managing-contacts-1-3-2\/\">Fin de la le\u00e7on<\/a><\/strong><\/strong><\/li>\n<li>Le\u00e7on 4 (27 f\u00e9vrier 2021): <strong><a href=\"https:\/\/youtu.be\/ehFAvYYQfGw\" target=\"_blank\" rel=\"noopener\">Zone geek 1, fonctions texte<\/a><\/strong> | Fichiers (Excel): <strong><strong><a href=\"https:\/\/artspond.com\/fr\/aha-managing-contacts-1-3-6-2\/\" target=\"_blank\" rel=\"noopener\">D\u00e9but de la le\u00e7on<\/a><\/strong><\/strong><\/li>\n<li>Le\u00e7on 5 (27 f\u00e9vrier 2021): <strong><a href=\"https:\/\/youtu.be\/lWBTO0goy0E\" target=\"_blank\" rel=\"noopener\">Zone geek 2, fonctions logiques<\/a><\/strong> | Fichiers (Excel): <strong><strong><a href=\"https:\/\/artspond.com\/fr\/aha-managing-contacts-1-4-2\/\" target=\"_blank\" rel=\"noopener\">D\u00e9but de la le\u00e7on<\/a><\/strong><\/strong><\/li>\n<li>Lesson 6+ \u00e0 venir<\/li>\n<\/ul>\n<p>&nbsp;<\/p>\n<div id=\"gtx-trans\" style=\"position: absolute; left: 675px; top: 911.391px;\">\n<div class=\"gtx-trans-icon\"><\/div>\n<\/div>\n","protected":false},"excerpt":{"rendered":"<p>aHa ! Essentiels pour les artistes-producteurs : Gestion des contacts avec des feuilles de calcul est une s\u00e9rie de formations vid\u00e9o en cours avec la productrice<span class=\"excerpt-hellip\"> [\u2026]<\/span><\/p>\n","protected":false},"author":1,"featured_media":9114,"parent":0,"menu_order":0,"comment_status":"closed","ping_status":"closed","template":"","meta":{"footnotes":""},"class_list":["post-9390","page","type-page","status-publish","has-post-thumbnail","hentry"],"yoast_head":"<!-- This site is optimized with the Yoast SEO plugin v27.4 - https:\/\/yoast.com\/product\/yoast-seo-wordpress\/ -->\n<title>aHa ! Gestion des contacts avec des feuilles de calcul - ArtsPond<\/title>\n<meta name=\"robots\" content=\"index, follow, max-snippet:-1, max-image-preview:large, max-video-preview:-1\" \/>\n<link rel=\"canonical\" href=\"https:\/\/artspond.com\/fr\/aha-gestion-des-contacts-avec-des-feuilles-de-calcul\/\" \/>\n<meta property=\"og:locale\" content=\"fr_FR\" \/>\n<meta property=\"og:type\" content=\"article\" \/>\n<meta property=\"og:title\" content=\"aHa ! Gestion des contacts avec des feuilles de calcul - ArtsPond\" \/>\n<meta property=\"og:description\" content=\"Vous voulez g\u00e9rer vos contacts dans des feuilles de calcul ? Voici un mode d&#039;emploi.\" \/>\n<meta property=\"og:url\" content=\"https:\/\/artspond.com\/fr\/aha-gestion-des-contacts-avec-des-feuilles-de-calcul\/\" \/>\n<meta property=\"og:site_name\" content=\"ArtsPond\" \/>\n<meta property=\"article:modified_time\" content=\"2021-05-17T17:31:34+00:00\" \/>\n<meta property=\"og:image\" content=\"https:\/\/main.artspond.com\/wp-content\/uploads\/2021\/02\/2021-03-01-AHA-Essentials-artist-producers-contacts-tw.jpg\" \/>\n<meta name=\"twitter:card\" content=\"summary_large_image\" \/>\n<meta name=\"twitter:description\" content=\"Vous voulez g\u00e9rer vos contacts dans des feuilles de calcul ? Voici un mode d&#039;emploi.\" \/>\n<meta name=\"twitter:image\" content=\"https:\/\/main.artspond.com\/wp-content\/uploads\/2021\/02\/2021-03-01-AHA-Essentials-artist-producers-contacts-tw.jpg\" \/>\n<meta name=\"twitter:label1\" content=\"Dur\u00e9e de lecture estim\u00e9e\" \/>\n\t<meta name=\"twitter:data1\" content=\"1 minute\" \/>\n<script type=\"application\/ld+json\" class=\"yoast-schema-graph\">{\"@context\":\"https:\\\/\\\/schema.org\",\"@graph\":[{\"@type\":\"WebPage\",\"@id\":\"https:\\\/\\\/artspond.com\\\/fr\\\/aha-gestion-des-contacts-avec-des-feuilles-de-calcul\\\/\",\"url\":\"https:\\\/\\\/artspond.com\\\/fr\\\/aha-gestion-des-contacts-avec-des-feuilles-de-calcul\\\/\",\"name\":\"aHa ! Gestion des contacts avec des feuilles de calcul - ArtsPond\",\"isPartOf\":{\"@id\":\"https:\\\/\\\/artspond.com\\\/fr\\\/#website\"},\"primaryImageOfPage\":{\"@id\":\"https:\\\/\\\/artspond.com\\\/fr\\\/aha-gestion-des-contacts-avec-des-feuilles-de-calcul\\\/#primaryimage\"},\"image\":{\"@id\":\"https:\\\/\\\/artspond.com\\\/fr\\\/aha-gestion-des-contacts-avec-des-feuilles-de-calcul\\\/#primaryimage\"},\"thumbnailUrl\":\"https:\\\/\\\/artspond.com\\\/wp-content\\\/uploads\\\/2021\\\/02\\\/2021-03-01-AHA-Essentials-artist-producers-contacts-ap.jpg\",\"datePublished\":\"2021-02-26T22:01:16+00:00\",\"dateModified\":\"2021-05-17T17:31:34+00:00\",\"breadcrumb\":{\"@id\":\"https:\\\/\\\/artspond.com\\\/fr\\\/aha-gestion-des-contacts-avec-des-feuilles-de-calcul\\\/#breadcrumb\"},\"inLanguage\":\"fr-FR\",\"potentialAction\":[{\"@type\":\"ReadAction\",\"target\":[\"https:\\\/\\\/artspond.com\\\/fr\\\/aha-gestion-des-contacts-avec-des-feuilles-de-calcul\\\/\"]}]},{\"@type\":\"ImageObject\",\"inLanguage\":\"fr-FR\",\"@id\":\"https:\\\/\\\/artspond.com\\\/fr\\\/aha-gestion-des-contacts-avec-des-feuilles-de-calcul\\\/#primaryimage\",\"url\":\"https:\\\/\\\/artspond.com\\\/wp-content\\\/uploads\\\/2021\\\/02\\\/2021-03-01-AHA-Essentials-artist-producers-contacts-ap.jpg\",\"contentUrl\":\"https:\\\/\\\/artspond.com\\\/wp-content\\\/uploads\\\/2021\\\/02\\\/2021-03-01-AHA-Essentials-artist-producers-contacts-ap.jpg\",\"width\":900,\"height\":630},{\"@type\":\"BreadcrumbList\",\"@id\":\"https:\\\/\\\/artspond.com\\\/fr\\\/aha-gestion-des-contacts-avec-des-feuilles-de-calcul\\\/#breadcrumb\",\"itemListElement\":[{\"@type\":\"ListItem\",\"position\":1,\"name\":\"Home\",\"item\":\"https:\\\/\\\/artspond.com\\\/fr\\\/\"},{\"@type\":\"ListItem\",\"position\":2,\"name\":\"aHa ! Gestion des contacts avec des feuilles de calcul\"}]},{\"@type\":\"WebSite\",\"@id\":\"https:\\\/\\\/artspond.com\\\/fr\\\/#website\",\"url\":\"https:\\\/\\\/artspond.com\\\/fr\\\/\",\"name\":\"ArtsPond\",\"description\":\"\",\"potentialAction\":[{\"@type\":\"SearchAction\",\"target\":{\"@type\":\"EntryPoint\",\"urlTemplate\":\"https:\\\/\\\/artspond.com\\\/fr\\\/?s={search_term_string}\"},\"query-input\":{\"@type\":\"PropertyValueSpecification\",\"valueRequired\":true,\"valueName\":\"search_term_string\"}}],\"inLanguage\":\"fr-FR\"}]}<\/script>\n<!-- \/ Yoast SEO plugin. -->","yoast_head_json":{"title":"aHa ! Gestion des contacts avec des feuilles de calcul - ArtsPond","robots":{"index":"index","follow":"follow","max-snippet":"max-snippet:-1","max-image-preview":"max-image-preview:large","max-video-preview":"max-video-preview:-1"},"canonical":"https:\/\/artspond.com\/fr\/aha-gestion-des-contacts-avec-des-feuilles-de-calcul\/","og_locale":"fr_FR","og_type":"article","og_title":"aHa ! Gestion des contacts avec des feuilles de calcul - ArtsPond","og_description":"Vous voulez g\u00e9rer vos contacts dans des feuilles de calcul ? Voici un mode d'emploi.","og_url":"https:\/\/artspond.com\/fr\/aha-gestion-des-contacts-avec-des-feuilles-de-calcul\/","og_site_name":"ArtsPond","article_modified_time":"2021-05-17T17:31:34+00:00","og_image":[{"url":"https:\/\/main.artspond.com\/wp-content\/uploads\/2021\/02\/2021-03-01-AHA-Essentials-artist-producers-contacts-tw.jpg","type":"","width":"","height":""}],"twitter_card":"summary_large_image","twitter_description":"Vous voulez g\u00e9rer vos contacts dans des feuilles de calcul ? Voici un mode d'emploi.","twitter_image":"https:\/\/main.artspond.com\/wp-content\/uploads\/2021\/02\/2021-03-01-AHA-Essentials-artist-producers-contacts-tw.jpg","twitter_misc":{"Dur\u00e9e de lecture estim\u00e9e":"1 minute"},"schema":{"@context":"https:\/\/schema.org","@graph":[{"@type":"WebPage","@id":"https:\/\/artspond.com\/fr\/aha-gestion-des-contacts-avec-des-feuilles-de-calcul\/","url":"https:\/\/artspond.com\/fr\/aha-gestion-des-contacts-avec-des-feuilles-de-calcul\/","name":"aHa ! Gestion des contacts avec des feuilles de calcul - ArtsPond","isPartOf":{"@id":"https:\/\/artspond.com\/fr\/#website"},"primaryImageOfPage":{"@id":"https:\/\/artspond.com\/fr\/aha-gestion-des-contacts-avec-des-feuilles-de-calcul\/#primaryimage"},"image":{"@id":"https:\/\/artspond.com\/fr\/aha-gestion-des-contacts-avec-des-feuilles-de-calcul\/#primaryimage"},"thumbnailUrl":"https:\/\/artspond.com\/wp-content\/uploads\/2021\/02\/2021-03-01-AHA-Essentials-artist-producers-contacts-ap.jpg","datePublished":"2021-02-26T22:01:16+00:00","dateModified":"2021-05-17T17:31:34+00:00","breadcrumb":{"@id":"https:\/\/artspond.com\/fr\/aha-gestion-des-contacts-avec-des-feuilles-de-calcul\/#breadcrumb"},"inLanguage":"fr-FR","potentialAction":[{"@type":"ReadAction","target":["https:\/\/artspond.com\/fr\/aha-gestion-des-contacts-avec-des-feuilles-de-calcul\/"]}]},{"@type":"ImageObject","inLanguage":"fr-FR","@id":"https:\/\/artspond.com\/fr\/aha-gestion-des-contacts-avec-des-feuilles-de-calcul\/#primaryimage","url":"https:\/\/artspond.com\/wp-content\/uploads\/2021\/02\/2021-03-01-AHA-Essentials-artist-producers-contacts-ap.jpg","contentUrl":"https:\/\/artspond.com\/wp-content\/uploads\/2021\/02\/2021-03-01-AHA-Essentials-artist-producers-contacts-ap.jpg","width":900,"height":630},{"@type":"BreadcrumbList","@id":"https:\/\/artspond.com\/fr\/aha-gestion-des-contacts-avec-des-feuilles-de-calcul\/#breadcrumb","itemListElement":[{"@type":"ListItem","position":1,"name":"Home","item":"https:\/\/artspond.com\/fr\/"},{"@type":"ListItem","position":2,"name":"aHa ! Gestion des contacts avec des feuilles de calcul"}]},{"@type":"WebSite","@id":"https:\/\/artspond.com\/fr\/#website","url":"https:\/\/artspond.com\/fr\/","name":"ArtsPond","description":"","potentialAction":[{"@type":"SearchAction","target":{"@type":"EntryPoint","urlTemplate":"https:\/\/artspond.com\/fr\/?s={search_term_string}"},"query-input":{"@type":"PropertyValueSpecification","valueRequired":true,"valueName":"search_term_string"}}],"inLanguage":"fr-FR"}]}},"_links":{"self":[{"href":"https:\/\/artspond.com\/fr\/wp-json\/wp\/v2\/pages\/9390","targetHints":{"allow":["GET"]}}],"collection":[{"href":"https:\/\/artspond.com\/fr\/wp-json\/wp\/v2\/pages"}],"about":[{"href":"https:\/\/artspond.com\/fr\/wp-json\/wp\/v2\/types\/page"}],"author":[{"embeddable":true,"href":"https:\/\/artspond.com\/fr\/wp-json\/wp\/v2\/users\/1"}],"replies":[{"embeddable":true,"href":"https:\/\/artspond.com\/fr\/wp-json\/wp\/v2\/comments?post=9390"}],"version-history":[{"count":0,"href":"https:\/\/artspond.com\/fr\/wp-json\/wp\/v2\/pages\/9390\/revisions"}],"wp:featuredmedia":[{"embeddable":true,"href":"https:\/\/artspond.com\/fr\/wp-json\/wp\/v2\/media\/9114"}],"wp:attachment":[{"href":"https:\/\/artspond.com\/fr\/wp-json\/wp\/v2\/media?parent=9390"}],"curies":[{"name":"wp","href":"https:\/\/api.w.org\/{rel}","templated":true}]}}