{"id":6405,"date":"2018-12-24T17:15:40","date_gmt":"2018-12-24T22:15:40","guid":{"rendered":"https:\/\/artspond.com\/histoire\/"},"modified":"2021-05-26T14:11:25","modified_gmt":"2021-05-26T18:11:25","slug":"histoire","status":"publish","type":"page","link":"https:\/\/artspond.com\/fr\/histoire\/","title":{"rendered":"Histoire"},"content":{"rendered":"<div class=\"wpb-content-wrapper\"><p>[vc_row gap=\u00a0\u00bb20&Prime; css=\u00a0\u00bb.vc_custom_1545952722928{margin-top: 25px !important;}\u00a0\u00bb][vc_column width=\u00a0\u00bb2\/5&Prime;][vc_custom_heading text=\u00a0\u00bbTraversant de fleuves inconnus \u00a0\u00bb font_container=\u00a0\u00bbtag:h4|font_size:40|text_align:left|color:%23a1bc56&Prime; google_fonts=\u00a0\u00bbfont_family:Montserrat%20Alternates%3Aregular%2C700|font_style:700%20bold%20regular%3A700%3Anormal\u00a0\u00bb css=\u00a0\u00bb.vc_custom_1545831923519{margin-right: 25px !important;}\u00a0\u00bb][\/vc_column][vc_column width=\u00a0\u00bb3\/5&Prime;][vc_column_text font_size=\u00a0\u00bblarge\u00a0\u00bb]<\/p>\n<div class=\"page\" title=\"Page 16\">\n<div class=\"layoutArea\">\n<div class=\"column\">\n<p><strong>La premi\u00e8re d\u00e9cennie (2014 \u00e0 2023)<\/strong><\/p>\n<p>L&rsquo;\u00c9tang d&rsquo;Arts a \u00e9t\u00e9 fond\u00e9e \u00e0 l&rsquo;origine en tant qu&rsquo;entit\u00e9 de base en 2014 avec le but de devenir une p\u00e9pini\u00e8re de bienfaisance ou une plate-forme caritative partag\u00e9e multi-artistique. Envisag\u00e9 comme un moyen de r\u00e9duire la pr\u00e9carit\u00e9 \u00e9conomique de cr\u00e9ateurs et de producteurs vuln\u00e9rables dans les arts, cet objectif a \u00e9t\u00e9 lanc\u00e9 en tant que r\u00e9ponse \u00e0 l&rsquo;article marquant de Jane Marsland,<a href=\"https:\/\/metcalffoundation.com\/wp-content\/uploads\/2015\/07\/Shared-Platforms-and-CVOs_FreFinal.pdf\" target=\"_blank\" rel=\"noopener noreferrer\"> Plateformes partag\u00e9es et p\u00e9pini\u00e8res d&rsquo;initiatives caritatives<\/a> (Metcalf Foundation, 2013).<\/p>\n<\/div>\n<\/div>\n<\/div>\n<p>[\/vc_column_text][\/vc_column][\/vc_row][vc_row gap=\u00a0\u00bb20&Prime; css=\u00a0\u00bb.vc_custom_1545954297062{margin-top: -20px !important;margin-bottom: 25px !important;}\u00a0\u00bb][vc_column][vc_column_text font_size=\u00a0\u00bblarge\u00a0\u00bb]<\/p>\n<div class=\"page\" title=\"Page 16\">\n<div class=\"layoutArea\">\n<div class=\"column\">\n<p>La demande provisoire de statut d&rsquo;association caritative d&rsquo;ArtsPond visant \u00e0 \u00e9tablir une telle plate-forme a \u00e9t\u00e9 rejet\u00e9e par l&rsquo;Agence du Revenu du Canada en 2015. Bien qu&rsquo;il n&rsquo;existe pas encore un cadre r\u00e9glementaire clair qui permette \u00e0 ces types d&rsquo;entit\u00e9s d&rsquo;intervenir, les actions du Arts Working Group, un groupe de r\u00e9flexion interdisciplinaire, ont aid\u00e9 \u00e0 \u00e9tudier l&rsquo;avenir des plateformes caritatives partag\u00e9es et d&rsquo;autres mod\u00e8les alternatifs de gouvernance dans le domaine des arts.<\/p>\n<p>Cet effort nous a amen\u00e9s \u00e0 approfondir la question de la <a href=\"https:\/\/artspond.com\/fr\/source\/?lang=fr\" target=\"_blank\" rel=\"noopener noreferrer\">source essentielle<\/a> qui nous motive et \u00e0 <a href=\"https:\/\/artspond.com\/2019\/08\/07\/travauxfuturs\/?lang=fr\" target=\"_blank\" rel=\"noopener noreferrer\">repenser la pertinence<\/a> des plateformes caritatives partag\u00e9es comme une r\u00e9ponse viable aux forces complexes qui continuent \u00e0 emp\u00eacher la vitalit\u00e9 des arts. Cela nous a amen\u00e9s \u00e0 accueillir le potentiel en \u00e9volution de l&rsquo;innovation sociale et de l&rsquo;impact collectif, une approche collaborative pour aborder des questions sociales complexes qui inspirent maintenant chacune de nos <a href=\"https:\/\/artspond.com\/fr\/actions\/?lang=fr\" target=\"_blank\" rel=\"noopener noreferrer\">actions multiformes<\/a> sur le terrain et en nuage. Ce projet est saisi dans notre plan de 10 ans strat\u00e9gique, <a href=\"https:\/\/artspond.com\/wp-content\/uploads\/2020\/06\/2020-06-13-Strategic-Plan-sim-wide.jpg\">Partagez bien\u00a0 ; Vivez bien (2014 \u00e0 2023)<\/a><\/p>\n<p>Incorpor\u00e9e en tant qu&rsquo;organisme \u00e0 but non lucratif en ao\u00fbt 2016, la premi\u00e8re activit\u00e9 publique lanc\u00e9e par ArtsPond en hiver de 2017 \u00e9tait une enqu\u00eate nationale sur les besoins num\u00e9riques, <a href=\"https:\/\/artspond.com\/actions\/diriger-la-creativite-dans-un-monde-numerique\/?lang=fr\" target=\"_blank\" rel=\"noopener noreferrer\">Gestion de la cr\u00e9ativit\u00e9 dans un monde num\u00e9rique<\/a>.\u00a0 Les r\u00e9sultats de ce sondage ont pu fa\u00e7onner les pr\u00e9sentations inaugurales du Symposium des Services d&rsquo;Arts num\u00e9riques en <a href=\"https:\/\/artspond.com\/actions\/le-symposium-darts-numeriques-2017\/?lang=fr\" target=\"_blank\" rel=\"noopener noreferrer\">automne 2017<\/a> (\u00e0 Ottawa et \u00e0 Toronto, financ\u00e9 par le Conseil des arts de l&rsquo;Ontario) et en <a href=\"https:\/\/artspond.com\/fr\/portfolio-item\/dassan19\/?lang=fr\" target=\"_blank\" rel=\"noopener noreferrer\">hiver 2019<\/a> (\u00e0 Toronto, financ\u00e9 par le Fonds de la Strat\u00e9gie Num\u00e9rique du Conseil des Arts du Canada et l&rsquo;Open Door Strategic Funding du Toronto Arts Council). Il a \u00e9galement fourni une base de donn\u00e9es qui a guid\u00e9 l&rsquo;incubation de <a href=\"https:\/\/artspond.com\/actions\/hatch-open\/?lang=fr\">Hatch Open<\/a> et d&rsquo;<a href=\"https:\/\/artspond.com\/fr\/portfolio-item\/artse-united\/?lang=fr\" target=\"_blank\" rel=\"noopener noreferrer\">Artse United<\/a>, un logiciel de gestion et une plateforme coop\u00e9rative pour le secteur artistique soutenu par le Fonds de la Strat\u00e9gie Num\u00e9rique du Conseil des Arts du Canada \u00e0 partir du printemps 2019, et <a href=\"https:\/\/artspond.com\/actions\/osanumeriques\/?lang=fr\" target=\"_blank\" rel=\"noopener noreferrer\">OSANum\u00e9riques<\/a>, un effort d&rsquo;impact collectif plus large lanc\u00e9 en 2018 pour dynamiser la transformation num\u00e9rique des services artistiques par le biais de la recherche sur l&rsquo;alphab\u00e9tisation num\u00e9rique,\u00a0 l&rsquo;\u00e9ducation et de la cr\u00e9ation de plateformes et de l&rsquo;alliances.<\/p>\n<p>Notre curiosit\u00e9 pour le num\u00e9rique est d&rsquo;abord d\u00fb \u00e0 la ferme conviction que l&rsquo;une des seules voies pour r\u00e9aliser des plateformes de caritatives partag\u00e9es \u00e0 l&rsquo;\u00e9chelle des besoins du secteur est de favoriser un syst\u00e8me d&rsquo;information robuste comme Artse et Hatch Open. Hatch Open est essentiel, par exemple, pour g\u00e9rer de mani\u00e8re efficace les divers ensembles de donn\u00e9es n\u00e9cessaires pour d\u00e9montrer les trois \u00e9l\u00e9ments essentiels dont l&rsquo;Agence du Revenu du Canada a besoin pour permettre \u00e0 ces plateformes de fonctionner:\u00a0 une surveillance fiable de la gouvernance, une direction; une haute qualit\u00e9 artistique; et un impact public important pour chaque activit\u00e9 entreprise au sein de la plate-forme. D&rsquo;autant plus, en tant que coop\u00e9rative, Artsee est n\u00e9cessaire pour promouvoir les r\u00e9seaux de soutien communautaire indispensables pour accro\u00eetre la sensibilisation et attirer des investissements responsables pour les petites organisations canadiennes artistiques ainsi que pour cr\u00e9ateurs de culture et producteurs.\u00a0 Qu&rsquo;il s&rsquo;agisse d&rsquo;une \u00e9ventuelle plateforme caritative partag\u00e9e qui propose d&rsquo;entreprendre une petite poign\u00e9e (ou des centaines) de projets par ann\u00e9e, le lancement d&rsquo;Artse a \u00e9t\u00e9 con\u00e7u pour fournir les types d&rsquo;outils administratifs n\u00e9cessaires pour promouvoir la durabilit\u00e9 tout en fournissant l&rsquo;Agence du Revenu du Canada un degr\u00e9 de confiance qui peut permettre \u00e0 ces plateformes d&rsquo;\u00e9merger au cours de notre vie.<\/p>\n<p>Au-del\u00e0 du monde num\u00e9rique, <a href=\"https:\/\/artspond.com\/actions\/histoire-de-terrain\/?lang=fr\" target=\"_blank\" rel=\"noopener noreferrer\">Histoire de terrain<\/a> a \u00e9t\u00e9 lanc\u00e9 \u00e0 l&rsquo;automne 2017 comme une r\u00e9ponse collective au ph\u00e9nom\u00e8ne de gentrification rapide des enclaves d&rsquo;artistes traditionnels de l&rsquo;Ontario, de Parkdale\/West Queen West de Toronto \u00e0 James Street North de Hamilton. Histoire de Terrain d\u00e9coule de l&rsquo;exp\u00e9rience personnelle de la fondatrice d&rsquo;ArtsPond qui vie et travaille dans le Queen West Triangle, l&rsquo;un des quartiers les plus rapidement en train de gentrifier \u00e0 Toronto. Les activit\u00e9s de la phase 1 comprennent un programme de recherche complet compos\u00e9 d&rsquo;une analyse documentaire internationale, des sondages \u00e0 l&rsquo;\u00e9chelle de la province, des groupes de discussion r\u00e9gionaux et des s\u00e9ances consultatives intersectorielles soutenus par le d\u00e9partement d&rsquo;Innovation et D\u00e9veloppement\u00a0 du Conseil des arts du Canada ainsi que par des subventions \u00e0 impact collectif de la Fondation Trillium de l&rsquo; Ontario et d&rsquo;autres collaborateurs.<\/p>\n<p>Pouss\u00e9 par la crise sanitaire du COVID -19, ArtsPond a lanc\u00e9 l&rsquo;initiative J&rsquo;ai Perdu Mon Contrat Canada (I Lost My Gig Canada) le 16 Mars 2020 et une r\u00e9ponse \u00e0 la crise sanitaire le 20 Mars 2020. J&rsquo;ai Perdu Mon Contrat Canada est un group de soutien compos\u00e9 d&rsquo;un programme de proximit\u00e9 et de promotion pour les travailleurs ind\u00e9pendants ainsi que les travailleurs de l&rsquo;\u00e9conomie du travail \u00e0 la demande dans non seulement le secteur artistiques mais aussi dans d&rsquo;autres industries ont perdu leur emploi o\u00f9 leur revenue au Canada et \u00e0 l&rsquo;\u00e9tranger \u00e0 cause de la crise sanitaire. En Juin 2020, plus que 8,000 membres se sont inscrits dans le groupe de J&rsquo;ai Perdu Mon Contrat Canada de toutes les provinces et territoires canadiennes et \u00e0 l&rsquo;\u00e9tranger. La R\u00e9ponse COVID-19 est un groupe de travail nationale qui cherche \u00e0 mettre en oeuvre des strat\u00e9gies partag\u00e9es qui r\u00e9pondent et \u00e9valuent les impacts du COVID-19 \u00e0 travers de questions r\u00e9gionales et disciplinaires qui inclut la recherche collaborative, des questions de r\u00e9duction et de communication et l&rsquo;administration et de d\u00e9veloppement.<\/p>\n<p>Comme les premi\u00e8res pluies \u00e0 tomber sur le sol sec, notre histoire est en \u00e9volution constante et change de direction pour soulager des racines dess\u00e9ch\u00e9es. Alors que nos fleuves commencent \u00e0 gagner de la vitesse, nous nous effor\u00e7ons d&rsquo;incuber un nouveau type de communaut\u00e9 qui renforce le potentiel de<a href=\"https:\/\/artspond.com\/fr\/portfolio-item\/inflow\/?lang=fr\" target=\"_blank\" rel=\"noopener noreferrer\"> la cr\u00e9ativit\u00e9 artistique diversifi\u00e9e de couler<\/a> et promouvoir la prosp\u00e9rit\u00e9 pour tous.<\/p>\n<\/div>\n<div class=\"column\">\n<p>Rejoignez-nous et partagez notre vision.<\/p>\n<\/div>\n<\/div>\n<\/div>\n<p>[\/vc_column_text][\/vc_column][\/vc_row][vc_row full_width=\u00a0\u00bbstretch_row_content_no_spaces\u00a0\u00bb css=\u00a0\u00bb.vc_custom_1530849751425{padding-top: 25px !important;padding-bottom: 25px !important;background-image: url(https:\/\/artspond.com\/wp-content\/uploads\/2018\/07\/Avatar-Wide-Banner-1.jpg?id=4303) !important;}\u00a0\u00bb][vc_column][cta heading=\u00a0\u00bbRejoindre l&rsquo;\u00e9tang\u00a0\u00bb subheading=\u00a0\u00bb\u00a0\u00bb button1_title=\u00a0\u00bbS&rsquo;abonner\u00a0\u00bb container=\u00a0\u00bbcontain\u00a0\u00bb align=\u00a0\u00bbcenter\u00a0\u00bb text_color=\u00a0\u00bbdark\u00a0\u00bb button1_color=\u00a0\u00bbaccent\u00a0\u00bb button1_style=\u00a0\u00bbsolid\u00a0\u00bb el_bg=\u00a0\u00bbnone\u00a0\u00bb button1_url=\u00a0\u00bburl:https%3A%2F%2Fmain.artspond.com%2Fsubscribe%2F|||rel:nofollow\u00a0\u00bb][\/vc_column][\/vc_row]<\/p>\n<\/div>","protected":false},"excerpt":{"rendered":"<p>[vc_row gap=\u00a0\u00bb20&Prime; css=\u00a0\u00bb.vc_custom_1545952722928{margin-top: 25px !important;}\u00a0\u00bb][vc_column width=\u00a0\u00bb2\/5&Prime;][vc_custom_heading text=\u00a0\u00bbTraversant de fleuves inconnus \u00a0\u00bb font_container=\u00a0\u00bbtag:h4|font_size:40|text_align:left|color:%23a1bc56&Prime; google_fonts=\u00a0\u00bbfont_family:Montserrat%20Alternates%3Aregular%2C700|font_style:700%20bold%20regular%3A700%3Anormal\u00a0\u00bb css=\u00a0\u00bb.vc_custom_1545831923519{margin-right: 25px !important;}\u00a0\u00bb][\/vc_column][vc_column width=\u00a0\u00bb3\/5&Prime;][vc_column_text font_size=\u00a0\u00bblarge\u00a0\u00bb] La premi\u00e8re d\u00e9cennie (2014 \u00e0 2023) L&rsquo;\u00c9tang d&rsquo;Arts<span class=\"excerpt-hellip\"> [\u2026]<\/span><\/p>\n","protected":false},"author":1,"featured_media":0,"parent":0,"menu_order":0,"comment_status":"closed","ping_status":"closed","template":"","meta":{"footnotes":""},"class_list":["post-6405","page","type-page","status-publish","hentry"],"yoast_head":"<!-- This site is optimized with the Yoast SEO plugin v27.4 - https:\/\/yoast.com\/product\/yoast-seo-wordpress\/ -->\n<title>Histoire - ArtsPond<\/title>\n<meta name=\"robots\" content=\"index, follow, max-snippet:-1, max-image-preview:large, max-video-preview:-1\" \/>\n<link rel=\"canonical\" href=\"https:\/\/artspond.com\/fr\/histoire\/\" \/>\n<meta property=\"og:locale\" content=\"fr_FR\" \/>\n<meta property=\"og:type\" content=\"article\" \/>\n<meta property=\"og:title\" content=\"Histoire - ArtsPond\" \/>\n<meta property=\"og:description\" content=\"[vc_row gap=\u00a0\u00bb20&Prime; css=\u00a0\u00bb.vc_custom_1545952722928{margin-top: 25px !important;}\u00a0\u00bb][vc_column width=\u00a0\u00bb2\/5&Prime;][vc_custom_heading text=\u00a0\u00bbTraversant de fleuves inconnus \u00a0\u00bb font_container=\u00a0\u00bbtag:h4|font_size:40|text_align:left|color:%23a1bc56&Prime; google_fonts=\u00a0\u00bbfont_family:Montserrat%20Alternates%3Aregular%2C700|font_style:700%20bold%20regular%3A700%3Anormal\u00a0\u00bb css=\u00a0\u00bb.vc_custom_1545831923519{margin-right: 25px !important;}\u00a0\u00bb][\/vc_column][vc_column width=\u00a0\u00bb3\/5&Prime;][vc_column_text font_size=\u00a0\u00bblarge\u00a0\u00bb] La premi\u00e8re d\u00e9cennie (2014 \u00e0 2023) L&rsquo;\u00c9tang d&rsquo;Arts [\u2026]\" \/>\n<meta property=\"og:url\" content=\"https:\/\/artspond.com\/fr\/histoire\/\" \/>\n<meta property=\"og:site_name\" content=\"ArtsPond\" \/>\n<meta property=\"article:modified_time\" content=\"2021-05-26T18:11:25+00:00\" \/>\n<meta name=\"twitter:card\" content=\"summary_large_image\" \/>\n<meta name=\"twitter:label1\" content=\"Dur\u00e9e de lecture estim\u00e9e\" \/>\n\t<meta name=\"twitter:data1\" content=\"5 minutes\" \/>\n<script type=\"application\/ld+json\" class=\"yoast-schema-graph\">{\"@context\":\"https:\\\/\\\/schema.org\",\"@graph\":[{\"@type\":\"WebPage\",\"@id\":\"https:\\\/\\\/artspond.com\\\/fr\\\/histoire\\\/\",\"url\":\"https:\\\/\\\/artspond.com\\\/fr\\\/histoire\\\/\",\"name\":\"Histoire - ArtsPond\",\"isPartOf\":{\"@id\":\"https:\\\/\\\/artspond.com\\\/fr\\\/#website\"},\"datePublished\":\"2018-12-24T22:15:40+00:00\",\"dateModified\":\"2021-05-26T18:11:25+00:00\",\"breadcrumb\":{\"@id\":\"https:\\\/\\\/artspond.com\\\/fr\\\/histoire\\\/#breadcrumb\"},\"inLanguage\":\"fr-FR\",\"potentialAction\":[{\"@type\":\"ReadAction\",\"target\":[\"https:\\\/\\\/artspond.com\\\/fr\\\/histoire\\\/\"]}]},{\"@type\":\"BreadcrumbList\",\"@id\":\"https:\\\/\\\/artspond.com\\\/fr\\\/histoire\\\/#breadcrumb\",\"itemListElement\":[{\"@type\":\"ListItem\",\"position\":1,\"name\":\"Home\",\"item\":\"https:\\\/\\\/artspond.com\\\/fr\\\/\"},{\"@type\":\"ListItem\",\"position\":2,\"name\":\"Histoire\"}]},{\"@type\":\"WebSite\",\"@id\":\"https:\\\/\\\/artspond.com\\\/fr\\\/#website\",\"url\":\"https:\\\/\\\/artspond.com\\\/fr\\\/\",\"name\":\"ArtsPond\",\"description\":\"\",\"potentialAction\":[{\"@type\":\"SearchAction\",\"target\":{\"@type\":\"EntryPoint\",\"urlTemplate\":\"https:\\\/\\\/artspond.com\\\/fr\\\/?s={search_term_string}\"},\"query-input\":{\"@type\":\"PropertyValueSpecification\",\"valueRequired\":true,\"valueName\":\"search_term_string\"}}],\"inLanguage\":\"fr-FR\"}]}<\/script>\n<!-- \/ Yoast SEO plugin. -->","yoast_head_json":{"title":"Histoire - ArtsPond","robots":{"index":"index","follow":"follow","max-snippet":"max-snippet:-1","max-image-preview":"max-image-preview:large","max-video-preview":"max-video-preview:-1"},"canonical":"https:\/\/artspond.com\/fr\/histoire\/","og_locale":"fr_FR","og_type":"article","og_title":"Histoire - ArtsPond","og_description":"[vc_row gap=\u00a0\u00bb20&Prime; css=\u00a0\u00bb.vc_custom_1545952722928{margin-top: 25px !important;}\u00a0\u00bb][vc_column width=\u00a0\u00bb2\/5&Prime;][vc_custom_heading text=\u00a0\u00bbTraversant de fleuves inconnus \u00a0\u00bb font_container=\u00a0\u00bbtag:h4|font_size:40|text_align:left|color:%23a1bc56&Prime; google_fonts=\u00a0\u00bbfont_family:Montserrat%20Alternates%3Aregular%2C700|font_style:700%20bold%20regular%3A700%3Anormal\u00a0\u00bb css=\u00a0\u00bb.vc_custom_1545831923519{margin-right: 25px !important;}\u00a0\u00bb][\/vc_column][vc_column width=\u00a0\u00bb3\/5&Prime;][vc_column_text font_size=\u00a0\u00bblarge\u00a0\u00bb] La premi\u00e8re d\u00e9cennie (2014 \u00e0 2023) L&rsquo;\u00c9tang d&rsquo;Arts [\u2026]","og_url":"https:\/\/artspond.com\/fr\/histoire\/","og_site_name":"ArtsPond","article_modified_time":"2021-05-26T18:11:25+00:00","twitter_card":"summary_large_image","twitter_misc":{"Dur\u00e9e de lecture estim\u00e9e":"5 minutes"},"schema":{"@context":"https:\/\/schema.org","@graph":[{"@type":"WebPage","@id":"https:\/\/artspond.com\/fr\/histoire\/","url":"https:\/\/artspond.com\/fr\/histoire\/","name":"Histoire - ArtsPond","isPartOf":{"@id":"https:\/\/artspond.com\/fr\/#website"},"datePublished":"2018-12-24T22:15:40+00:00","dateModified":"2021-05-26T18:11:25+00:00","breadcrumb":{"@id":"https:\/\/artspond.com\/fr\/histoire\/#breadcrumb"},"inLanguage":"fr-FR","potentialAction":[{"@type":"ReadAction","target":["https:\/\/artspond.com\/fr\/histoire\/"]}]},{"@type":"BreadcrumbList","@id":"https:\/\/artspond.com\/fr\/histoire\/#breadcrumb","itemListElement":[{"@type":"ListItem","position":1,"name":"Home","item":"https:\/\/artspond.com\/fr\/"},{"@type":"ListItem","position":2,"name":"Histoire"}]},{"@type":"WebSite","@id":"https:\/\/artspond.com\/fr\/#website","url":"https:\/\/artspond.com\/fr\/","name":"ArtsPond","description":"","potentialAction":[{"@type":"SearchAction","target":{"@type":"EntryPoint","urlTemplate":"https:\/\/artspond.com\/fr\/?s={search_term_string}"},"query-input":{"@type":"PropertyValueSpecification","valueRequired":true,"valueName":"search_term_string"}}],"inLanguage":"fr-FR"}]}},"_links":{"self":[{"href":"https:\/\/artspond.com\/fr\/wp-json\/wp\/v2\/pages\/6405","targetHints":{"allow":["GET"]}}],"collection":[{"href":"https:\/\/artspond.com\/fr\/wp-json\/wp\/v2\/pages"}],"about":[{"href":"https:\/\/artspond.com\/fr\/wp-json\/wp\/v2\/types\/page"}],"author":[{"embeddable":true,"href":"https:\/\/artspond.com\/fr\/wp-json\/wp\/v2\/users\/1"}],"replies":[{"embeddable":true,"href":"https:\/\/artspond.com\/fr\/wp-json\/wp\/v2\/comments?post=6405"}],"version-history":[{"count":0,"href":"https:\/\/artspond.com\/fr\/wp-json\/wp\/v2\/pages\/6405\/revisions"}],"wp:attachment":[{"href":"https:\/\/artspond.com\/fr\/wp-json\/wp\/v2\/media?parent=6405"}],"curies":[{"name":"wp","href":"https:\/\/api.w.org\/{rel}","templated":true}]}}