{"id":6124,"date":"2019-08-02T11:31:43","date_gmt":"2019-08-02T15:31:43","guid":{"rendered":"https:\/\/artspond.com\/plan-de-travail-dartse-united\/"},"modified":"2019-08-02T11:31:43","modified_gmt":"2019-08-02T15:31:43","slug":"plan-de-travail-dartse-united","status":"publish","type":"page","link":"https:\/\/artspond.com\/fr\/plan-de-travail-dartse-united\/","title":{"rendered":"Plan de travail d&rsquo;Artse United"},"content":{"rendered":"<p><a href=\"https:\/\/artspond.com\/wp-content\/uploads\/2018\/10\/2018-Artse-Workplan-Summary.pdf\" target=\"_blank\" rel=\"noopener noreferrer\">R\u00e9sum\u00e9 du plan de travail<\/a><br \/>\n<a href=\"https:\/\/artspond.com\/wp-content\/uploads\/2018\/10\/artse-united-workplan-1.3.pdf\" target=\"_blank\" rel=\"noopener noreferrer\">Plan de travail d\u00e9taill\u00e9<\/a> (Travail en cours, Draft 1.3)<\/p>\n","protected":false},"excerpt":{"rendered":"<p>R\u00e9sum\u00e9 du plan de travail Plan de travail d\u00e9taill\u00e9 (Travail en cours, Draft 1.3)<\/p>\n","protected":false},"author":1,"featured_media":0,"parent":0,"menu_order":0,"comment_status":"closed","ping_status":"closed","template":"","meta":{"footnotes":""},"class_list":["post-6124","page","type-page","status-publish","hentry"],"yoast_head":"<!-- This site is optimized with the Yoast SEO plugin v27.5 - https:\/\/yoast.com\/product\/yoast-seo-wordpress\/ -->\n<title>Plan de travail d&#039;Artse United - ArtsPond<\/title>\n<meta name=\"robots\" content=\"index, follow, max-snippet:-1, max-image-preview:large, max-video-preview:-1\" \/>\n<link rel=\"canonical\" href=\"https:\/\/artspond.com\/fr\/plan-de-travail-dartse-united\/\" \/>\n<meta property=\"og:locale\" content=\"fr_FR\" \/>\n<meta property=\"og:type\" content=\"article\" \/>\n<meta property=\"og:title\" content=\"Plan de travail d&#039;Artse United - ArtsPond\" \/>\n<meta property=\"og:description\" content=\"R\u00e9sum\u00e9 du plan de travail Plan de travail d\u00e9taill\u00e9 (Travail en cours, Draft 1.3)\" \/>\n<meta property=\"og:url\" content=\"https:\/\/artspond.com\/fr\/plan-de-travail-dartse-united\/\" \/>\n<meta property=\"og:site_name\" content=\"ArtsPond\" \/>\n<meta name=\"twitter:card\" content=\"summary_large_image\" \/>\n<script type=\"application\/ld+json\" class=\"yoast-schema-graph\">{\"@context\":\"https:\\\/\\\/schema.org\",\"@graph\":[{\"@type\":\"WebPage\",\"@id\":\"https:\\\/\\\/artspond.com\\\/fr\\\/plan-de-travail-dartse-united\\\/\",\"url\":\"https:\\\/\\\/artspond.com\\\/fr\\\/plan-de-travail-dartse-united\\\/\",\"name\":\"Plan de travail d'Artse United - ArtsPond\",\"isPartOf\":{\"@id\":\"https:\\\/\\\/artspond.com\\\/fr\\\/#website\"},\"datePublished\":\"2019-08-02T15:31:43+00:00\",\"breadcrumb\":{\"@id\":\"https:\\\/\\\/artspond.com\\\/fr\\\/plan-de-travail-dartse-united\\\/#breadcrumb\"},\"inLanguage\":\"fr-FR\",\"potentialAction\":[{\"@type\":\"ReadAction\",\"target\":[\"https:\\\/\\\/artspond.com\\\/fr\\\/plan-de-travail-dartse-united\\\/\"]}]},{\"@type\":\"BreadcrumbList\",\"@id\":\"https:\\\/\\\/artspond.com\\\/fr\\\/plan-de-travail-dartse-united\\\/#breadcrumb\",\"itemListElement\":[{\"@type\":\"ListItem\",\"position\":1,\"name\":\"Home\",\"item\":\"https:\\\/\\\/artspond.com\\\/fr\\\/\"},{\"@type\":\"ListItem\",\"position\":2,\"name\":\"Plan de travail d&#8217;Artse United\"}]},{\"@type\":\"WebSite\",\"@id\":\"https:\\\/\\\/artspond.com\\\/fr\\\/#website\",\"url\":\"https:\\\/\\\/artspond.com\\\/fr\\\/\",\"name\":\"ArtsPond\",\"description\":\"\",\"potentialAction\":[{\"@type\":\"SearchAction\",\"target\":{\"@type\":\"EntryPoint\",\"urlTemplate\":\"https:\\\/\\\/artspond.com\\\/fr\\\/?s={search_term_string}\"},\"query-input\":{\"@type\":\"PropertyValueSpecification\",\"valueRequired\":true,\"valueName\":\"search_term_string\"}}],\"inLanguage\":\"fr-FR\"}]}<\/script>\n<!-- \/ Yoast SEO plugin. -->","yoast_head_json":{"title":"Plan de travail d'Artse United - ArtsPond","robots":{"index":"index","follow":"follow","max-snippet":"max-snippet:-1","max-image-preview":"max-image-preview:large","max-video-preview":"max-video-preview:-1"},"canonical":"https:\/\/artspond.com\/fr\/plan-de-travail-dartse-united\/","og_locale":"fr_FR","og_type":"article","og_title":"Plan de travail d'Artse United - ArtsPond","og_description":"R\u00e9sum\u00e9 du plan de travail Plan de travail d\u00e9taill\u00e9 (Travail en cours, Draft 1.3)","og_url":"https:\/\/artspond.com\/fr\/plan-de-travail-dartse-united\/","og_site_name":"ArtsPond","twitter_card":"summary_large_image","schema":{"@context":"https:\/\/schema.org","@graph":[{"@type":"WebPage","@id":"https:\/\/artspond.com\/fr\/plan-de-travail-dartse-united\/","url":"https:\/\/artspond.com\/fr\/plan-de-travail-dartse-united\/","name":"Plan de travail d'Artse United - ArtsPond","isPartOf":{"@id":"https:\/\/artspond.com\/fr\/#website"},"datePublished":"2019-08-02T15:31:43+00:00","breadcrumb":{"@id":"https:\/\/artspond.com\/fr\/plan-de-travail-dartse-united\/#breadcrumb"},"inLanguage":"fr-FR","potentialAction":[{"@type":"ReadAction","target":["https:\/\/artspond.com\/fr\/plan-de-travail-dartse-united\/"]}]},{"@type":"BreadcrumbList","@id":"https:\/\/artspond.com\/fr\/plan-de-travail-dartse-united\/#breadcrumb","itemListElement":[{"@type":"ListItem","position":1,"name":"Home","item":"https:\/\/artspond.com\/fr\/"},{"@type":"ListItem","position":2,"name":"Plan de travail d&#8217;Artse United"}]},{"@type":"WebSite","@id":"https:\/\/artspond.com\/fr\/#website","url":"https:\/\/artspond.com\/fr\/","name":"ArtsPond","description":"","potentialAction":[{"@type":"SearchAction","target":{"@type":"EntryPoint","urlTemplate":"https:\/\/artspond.com\/fr\/?s={search_term_string}"},"query-input":{"@type":"PropertyValueSpecification","valueRequired":true,"valueName":"search_term_string"}}],"inLanguage":"fr-FR"}]}},"_links":{"self":[{"href":"https:\/\/artspond.com\/fr\/wp-json\/wp\/v2\/pages\/6124","targetHints":{"allow":["GET"]}}],"collection":[{"href":"https:\/\/artspond.com\/fr\/wp-json\/wp\/v2\/pages"}],"about":[{"href":"https:\/\/artspond.com\/fr\/wp-json\/wp\/v2\/types\/page"}],"author":[{"embeddable":true,"href":"https:\/\/artspond.com\/fr\/wp-json\/wp\/v2\/users\/1"}],"replies":[{"embeddable":true,"href":"https:\/\/artspond.com\/fr\/wp-json\/wp\/v2\/comments?post=6124"}],"version-history":[{"count":0,"href":"https:\/\/artspond.com\/fr\/wp-json\/wp\/v2\/pages\/6124\/revisions"}],"wp:attachment":[{"href":"https:\/\/artspond.com\/fr\/wp-json\/wp\/v2\/media?parent=6124"}],"curies":[{"name":"wp","href":"https:\/\/api.w.org\/{rel}","templated":true}]}}