{"id":4630,"date":"2018-07-17T07:22:24","date_gmt":"2018-07-17T11:22:24","guid":{"rendered":"https:\/\/artspond.com\/source\/"},"modified":"2024-12-03T15:27:37","modified_gmt":"2024-12-03T20:27:37","slug":"source","status":"publish","type":"page","link":"https:\/\/artspond.com\/fr\/source\/","title":{"rendered":"Objectif"},"content":{"rendered":"<div class=\"wpb-content-wrapper\"><p>[vc_row][vc_column width=\u00a0\u00bb2\/3&Prime;][vc_custom_heading text=\u00a0\u00bbNous favorisons les changements positifs et nous nous occupons des cr\u00e9atifs de toutes sortes, avec, par et pour eux.\u00a0\u00bb font_container=\u00a0\u00bbtag:h4|font_size:40|text_align:left|color:%23a1bc56&Prime; google_fonts=\u00a0\u00bbfont_family:Montserrat%20Alternates%3Aregular%2C700|font_style:700%20bold%20regular%3A700%3Anormal\u00a0\u00bb css=\u00a0\u00bb.vc_custom_1733256243110{margin-right: 25px !important;}\u00a0\u00bb][vc_empty_space][\/vc_column][vc_column width=\u00a0\u00bb1\/3&Prime;][\/vc_column][\/vc_row][vc_row gap=\u00a0\u00bb20&Prime; css=\u00a0\u00bb.vc_custom_1545953840641{margin-top: 25px !important;margin-bottom: 25px !important;}\u00a0\u00bb][vc_column][vc_column_text font_size=\u00a0\u00bblarge\u00a0\u00bb]<\/p>\n<div class=\"page\" title=\"Page 16\">\n<div class=\"layoutArea\">\n<div class=\"column\">\n<p>\u00c9tang d&rsquo;Arts est un acteur du changement d&rsquo;un autre genre.<\/p>\n<h4>MISSION<\/h4>\n<p>Notre mission est d&rsquo;entretenir des \u00e9cosyst\u00e8mes de soins florissants dans tous les domaines de la vie gr\u00e2ce \u00e0 la sagesse et \u00e0 la cr\u00e9ativit\u00e9 des arts et de la culture.<\/p>\n<h4>VISION<\/h4>\n<p>Notre vision est de donner aux artistes et autres cr\u00e9ateurs marginaux les moyens de guider un changement social radical et une v\u00e9ritable prise en charge de la communaut\u00e9 au sein et au-del\u00e0 de leur environnement habituel.<\/p>\n<p>Nous concr\u00e9tisons notre vision en co-cr\u00e9ant de nouvelles plateformes de soins et en donnant aux cr\u00e9atifs de toutes sortes les moyens de surmonter les obstacles et les crises qui les emp\u00eachent d&rsquo;assurer un avenir radieux et bienveillant dans un monde incertain. Ce faisant, nous sommes convaincus que nous contribuerons \u00e0 renforcer leur capacit\u00e9 \u00e0 d\u00e9velopper des sources de bien-\u00eatre avec, par et pour nous tous.<\/p>\n<h4>MANDAT<\/h4>\n<p>Notre mandat est de renforcer la prosp\u00e9rit\u00e9 et le bien-\u00eatre en cultivant des cultures de soins cr\u00e9atifs dans la vie humaine et naturelle.<\/p>\n<p>Nous travaillons avec des artistes, des conservateurs, des \u00e9ducateurs, des producteurs et d&rsquo;autres cr\u00e9atifs de tout le Canada et d&rsquo;ailleurs pour r\u00e9pondre aux d\u00e9fis complexes qui amplifient les vuln\u00e9rabilit\u00e9s dans leurs vies et leurs communaut\u00e9s.<\/p>\n<p>Nous cherchons \u00e0 analyser et \u00e0 traiter les nombreuses causes profondes et les cons\u00e9quences n\u00e9fastes de la pr\u00e9carit\u00e9. Il s&rsquo;agit notamment de pr\u00e9occupations spatiales, sociales, environnementales, \u00e9conomiques, num\u00e9riques, de handicap, d&rsquo;accessibilit\u00e9 et autres. Notre objectif est de promouvoir la justice et de soutenir des \u00e9cosyst\u00e8mes culturels prosp\u00e8res en solidarit\u00e9 avec d&rsquo;autres mouvements \u00e0 impact social.<\/p>\n<p>Par exemple, dans l&rsquo;alignement des Objectifs de d\u00e9veloppement durable pour 2030 des Nations unies, nous avons jusqu&rsquo;\u00e0 pr\u00e9sent travaill\u00e9 sur des rem\u00e8des et des th\u00e9rapies ax\u00e9s sur les arts et la culture \u00e0 des probl\u00e8mes urgents qui menacent notre soci\u00e9t\u00e9. Il s&rsquo;agit notamment de l&#8217;embourgeoisement, de la num\u00e9risation, de l&rsquo;exploitation \u00e9conomique, de la perturbation pand\u00e9mique, de la d\u00e9connexion r\u00e9gionale et disciplinaire et des injustices sociales telles que le racisme, le colonialisme et le capacitisme. \u00c0 l&rsquo;avenir, nous souhaitons \u00e9galement encourager des r\u00e9ponses cr\u00e9atives aux catastrophes environnementales, telles que la crise climatique et la conservation de l&rsquo;eau douce.<\/p>\n<p>Nous restons un d\u00e9fenseur et un alli\u00e9 in\u00e9branlable de la solidarit\u00e9 avec les groupes bienveillants et d\u00e9sireux de justice de toutes sortes. Pour ce faire, nous tissons les fils de l&rsquo;appartenance, de l&rsquo;inclusion, de la diversit\u00e9, de l&rsquo;\u00e9quit\u00e9 et de l&rsquo;acc\u00e8s (BIDEA) dans la trame de chacune de nos actions. Les nombreuses communaut\u00e9s dynamiques que nous servons comprennent les 2SLGBTQIA+, les autochtones, les groupes racialis\u00e9s, les sourds et les handicap\u00e9s, les groupes marginaux, les jeunes, les nouveaux arrivants, les minorit\u00e9s de langue officielle et d&rsquo;autres groupes divers. Nous le faisons en partant du principe que l&rsquo;ensemble de l&rsquo;humanit\u00e9 est meilleure ensemble que s\u00e9par\u00e9e, et que la cr\u00e9ativit\u00e9 communautaire est un \u00e9l\u00e9ment crucial pour renforcer et entrem\u00ealer ce qu&rsquo;il y a de meilleur en chacun de nous.<\/p>\n<\/div>\n<\/div>\n<\/div>\n<p>[\/vc_column_text][\/vc_column][\/vc_row][vc_row full_width=\u00a0\u00bbstretch_row_content_no_spaces\u00a0\u00bb css=\u00a0\u00bb.vc_custom_1530849751425{padding-top: 25px !important;padding-bottom: 25px !important;background-image: url(https:\/\/artspond.com\/wp-content\/uploads\/2018\/07\/Avatar-Wide-Banner-1.jpg?id=4303) !important;}\u00a0\u00bb][vc_column][cta heading=\u00a0\u00bbRejoindre l&rsquo;\u00e9tang\u00a0\u00bb subheading=\u00a0\u00bb\u00a0\u00bb button1_title=\u00a0\u00bbS&rsquo;abonner\u00a0\u00bb container=\u00a0\u00bbcontain\u00a0\u00bb align=\u00a0\u00bbcenter\u00a0\u00bb text_color=\u00a0\u00bbdark\u00a0\u00bb button1_color=\u00a0\u00bbaccent\u00a0\u00bb button1_style=\u00a0\u00bbsolid\u00a0\u00bb el_bg=\u00a0\u00bbnone\u00a0\u00bb button1_url=\u00a0\u00bburl:https%3A%2F%2Fmain.artspond.com%2Fsubscribe%2F|||rel:nofollow\u00a0\u00bb][\/vc_column][\/vc_row]<\/p>\n<\/div>","protected":false},"excerpt":{"rendered":"<p>[vc_row][vc_column width=\u00a0\u00bb2\/3&Prime;][vc_custom_heading text=\u00a0\u00bbNous favorisons les changements positifs et nous nous occupons des cr\u00e9atifs de toutes sortes, avec, par et pour eux.\u00a0\u00bb font_container=\u00a0\u00bbtag:h4|font_size:40|text_align:left|color:%23a1bc56&Prime; google_fonts=\u00a0\u00bbfont_family:Montserrat%20Alternates%3Aregular%2C700|font_style:700%20bold%20regular%3A700%3Anormal\u00a0\u00bb css=\u00a0\u00bb.vc_custom_1733256243110{margin-right: 25px !important;}\u00a0\u00bb][vc_empty_space][\/vc_column][vc_column<span class=\"excerpt-hellip\"> [\u2026]<\/span><\/p>\n","protected":false},"author":1,"featured_media":0,"parent":0,"menu_order":0,"comment_status":"closed","ping_status":"closed","template":"","meta":{"footnotes":""},"class_list":["post-4630","page","type-page","status-publish","hentry"],"yoast_head":"<!-- This site is optimized with the Yoast SEO plugin v27.4 - https:\/\/yoast.com\/product\/yoast-seo-wordpress\/ -->\n<title>Objectif - ArtsPond<\/title>\n<meta name=\"robots\" content=\"index, follow, max-snippet:-1, max-image-preview:large, max-video-preview:-1\" \/>\n<link rel=\"canonical\" href=\"https:\/\/artspond.com\/fr\/source\/\" \/>\n<meta property=\"og:locale\" content=\"fr_FR\" \/>\n<meta property=\"og:type\" content=\"article\" \/>\n<meta property=\"og:title\" content=\"Source\" \/>\n<meta property=\"og:description\" content=\"Streaming back to the source of it all. The mission, vision, and mandate of ArtsPond.\" \/>\n<meta property=\"og:url\" content=\"https:\/\/artspond.com\/fr\/source\/\" \/>\n<meta property=\"og:site_name\" content=\"ArtsPond\" \/>\n<meta property=\"article:modified_time\" content=\"2024-12-03T20:27:37+00:00\" \/>\n<meta name=\"twitter:card\" content=\"summary_large_image\" \/>\n<meta name=\"twitter:title\" content=\"Source\" \/>\n<meta name=\"twitter:description\" content=\"Streaming back to the source of it all. The mission, vision, and mandate of ArtsPond\" \/>\n<meta name=\"twitter:label1\" content=\"Dur\u00e9e de lecture estim\u00e9e\" \/>\n\t<meta name=\"twitter:data1\" content=\"3 minutes\" \/>\n<script type=\"application\/ld+json\" class=\"yoast-schema-graph\">{\"@context\":\"https:\\\/\\\/schema.org\",\"@graph\":[{\"@type\":\"WebPage\",\"@id\":\"https:\\\/\\\/artspond.com\\\/fr\\\/source\\\/\",\"url\":\"https:\\\/\\\/artspond.com\\\/fr\\\/source\\\/\",\"name\":\"Objectif - ArtsPond\",\"isPartOf\":{\"@id\":\"https:\\\/\\\/artspond.com\\\/fr\\\/#website\"},\"datePublished\":\"2018-07-17T11:22:24+00:00\",\"dateModified\":\"2024-12-03T20:27:37+00:00\",\"breadcrumb\":{\"@id\":\"https:\\\/\\\/artspond.com\\\/fr\\\/source\\\/#breadcrumb\"},\"inLanguage\":\"fr-FR\",\"potentialAction\":[{\"@type\":\"ReadAction\",\"target\":[\"https:\\\/\\\/artspond.com\\\/fr\\\/source\\\/\"]}]},{\"@type\":\"BreadcrumbList\",\"@id\":\"https:\\\/\\\/artspond.com\\\/fr\\\/source\\\/#breadcrumb\",\"itemListElement\":[{\"@type\":\"ListItem\",\"position\":1,\"name\":\"Home\",\"item\":\"https:\\\/\\\/artspond.com\\\/fr\\\/\"},{\"@type\":\"ListItem\",\"position\":2,\"name\":\"Objectif\"}]},{\"@type\":\"WebSite\",\"@id\":\"https:\\\/\\\/artspond.com\\\/fr\\\/#website\",\"url\":\"https:\\\/\\\/artspond.com\\\/fr\\\/\",\"name\":\"ArtsPond\",\"description\":\"\",\"potentialAction\":[{\"@type\":\"SearchAction\",\"target\":{\"@type\":\"EntryPoint\",\"urlTemplate\":\"https:\\\/\\\/artspond.com\\\/fr\\\/?s={search_term_string}\"},\"query-input\":{\"@type\":\"PropertyValueSpecification\",\"valueRequired\":true,\"valueName\":\"search_term_string\"}}],\"inLanguage\":\"fr-FR\"}]}<\/script>\n<!-- \/ Yoast SEO plugin. -->","yoast_head_json":{"title":"Objectif - ArtsPond","robots":{"index":"index","follow":"follow","max-snippet":"max-snippet:-1","max-image-preview":"max-image-preview:large","max-video-preview":"max-video-preview:-1"},"canonical":"https:\/\/artspond.com\/fr\/source\/","og_locale":"fr_FR","og_type":"article","og_title":"Source","og_description":"Streaming back to the source of it all. The mission, vision, and mandate of ArtsPond.","og_url":"https:\/\/artspond.com\/fr\/source\/","og_site_name":"ArtsPond","article_modified_time":"2024-12-03T20:27:37+00:00","twitter_card":"summary_large_image","twitter_title":"Source","twitter_description":"Streaming back to the source of it all. The mission, vision, and mandate of ArtsPond","twitter_misc":{"Dur\u00e9e de lecture estim\u00e9e":"3 minutes"},"schema":{"@context":"https:\/\/schema.org","@graph":[{"@type":"WebPage","@id":"https:\/\/artspond.com\/fr\/source\/","url":"https:\/\/artspond.com\/fr\/source\/","name":"Objectif - ArtsPond","isPartOf":{"@id":"https:\/\/artspond.com\/fr\/#website"},"datePublished":"2018-07-17T11:22:24+00:00","dateModified":"2024-12-03T20:27:37+00:00","breadcrumb":{"@id":"https:\/\/artspond.com\/fr\/source\/#breadcrumb"},"inLanguage":"fr-FR","potentialAction":[{"@type":"ReadAction","target":["https:\/\/artspond.com\/fr\/source\/"]}]},{"@type":"BreadcrumbList","@id":"https:\/\/artspond.com\/fr\/source\/#breadcrumb","itemListElement":[{"@type":"ListItem","position":1,"name":"Home","item":"https:\/\/artspond.com\/fr\/"},{"@type":"ListItem","position":2,"name":"Objectif"}]},{"@type":"WebSite","@id":"https:\/\/artspond.com\/fr\/#website","url":"https:\/\/artspond.com\/fr\/","name":"ArtsPond","description":"","potentialAction":[{"@type":"SearchAction","target":{"@type":"EntryPoint","urlTemplate":"https:\/\/artspond.com\/fr\/?s={search_term_string}"},"query-input":{"@type":"PropertyValueSpecification","valueRequired":true,"valueName":"search_term_string"}}],"inLanguage":"fr-FR"}]}},"_links":{"self":[{"href":"https:\/\/artspond.com\/fr\/wp-json\/wp\/v2\/pages\/4630","targetHints":{"allow":["GET"]}}],"collection":[{"href":"https:\/\/artspond.com\/fr\/wp-json\/wp\/v2\/pages"}],"about":[{"href":"https:\/\/artspond.com\/fr\/wp-json\/wp\/v2\/types\/page"}],"author":[{"embeddable":true,"href":"https:\/\/artspond.com\/fr\/wp-json\/wp\/v2\/users\/1"}],"replies":[{"embeddable":true,"href":"https:\/\/artspond.com\/fr\/wp-json\/wp\/v2\/comments?post=4630"}],"version-history":[{"count":0,"href":"https:\/\/artspond.com\/fr\/wp-json\/wp\/v2\/pages\/4630\/revisions"}],"wp:attachment":[{"href":"https:\/\/artspond.com\/fr\/wp-json\/wp\/v2\/media?parent=4630"}],"curies":[{"name":"wp","href":"https:\/\/api.w.org\/{rel}","templated":true}]}}