{"id":4613,"date":"2018-07-08T06:03:20","date_gmt":"2018-07-08T10:03:20","guid":{"rendered":"https:\/\/artspond.com\/ressources-presse\/"},"modified":"2021-05-18T11:01:00","modified_gmt":"2021-05-18T15:01:00","slug":"ressources-presse","status":"publish","type":"page","link":"https:\/\/artspond.com\/fr\/ressources-presse\/","title":{"rendered":"Ressources presse"},"content":{"rendered":"<div class=\"wpb-content-wrapper\"><p>[vc_row][vc_column][vc_column_text]Pour des demandes sp\u00e9cifiques, s&rsquo;il vous pla\u00eet envoyez-nous un courriel \u00e0\u00a0hello@artspond.com.<br \/>\nNos <a href=\"https:\/\/artspond.com\/fr\/rapports-annuels\/?lang=fr\">rapports annuels<\/a> valent un coup d&rsquo;oeil aussi.<\/p>\n<p>[\/vc_column_text][vc_row_inner css=\u00a0\u00bb.vc_custom_1531051580447{margin-bottom: 40px !important;}\u00a0\u00bb][vc_column_inner width=\u00a0\u00bb1\/4&Prime;][vc_single_image image=\u00a0\u00bb4497&Prime; img_size=\u00a0\u00bbmedium\u00a0\u00bb alignment=\u00a0\u00bbright\u00a0\u00bb][\/vc_column_inner][vc_column_inner width=\u00a0\u00bb3\/4&Prime;][vc_custom_heading text=\u00a0\u00bbDASSAN19: Annonce des conf\u00e9renciers mondiaux sur la transformation num\u00e9rique des services artistiques\u00a0\u00bb font_container=\u00a0\u00bbtag:h2|font_size:32|text_align:left|line_height:1.1&Prime; google_fonts=\u00a0\u00bbfont_family:Open%20Sans%3A300%2C300italic%2Cregular%2Citalic%2C600%2C600italic%2C700%2C700italic%2C800%2C800italic|font_style:600%20bold%20italic%3A600%3Aitalic\u00a0\u00bb link=\u00a0\u00bburl:https%3A%2F%2Fmain.artspond.com%2F2019-01-21-pr-dassan19-global-speakers-en%2F||target:%20_blank|\u00a0\u00bb][vc_column_text]<a href=\"https:\/\/artspond.com\/fr\/2019-01-21-pr-dassan19-global-speakers-en\/\">DASSAN19: Announcing Global Speakers on Digital Transformation of Arts Services<\/a><br \/>\n<a href=\"https:\/\/artspond.com\/fr\/2019-01-21-pr-dassan19-global-speakers-fr\/\">DASSAN19: Annonce des conf\u00e9renciers mondiaux sur la transformation num\u00e9rique des services d&rsquo;arts<\/a><\/p>\n<p>21 janvier 2019<br \/>\nCommuniqu\u00e9 de presse[\/vc_column_text][\/vc_column_inner][\/vc_row_inner][vc_row_inner css=\u00a0\u00bb.vc_custom_1531051580447{margin-bottom: 40px !important;}\u00a0\u00bb][vc_column_inner width=\u00a0\u00bb1\/4&Prime;][vc_single_image image=\u00a0\u00bb5289&Prime; img_size=\u00a0\u00bbmedium\u00a0\u00bb alignment=\u00a0\u00bbright\u00a0\u00bb][\/vc_column_inner][vc_column_inner width=\u00a0\u00bb3\/4&Prime;][vc_custom_heading text=\u00a0\u00bb\u00ab\u00a0Un chemin tr\u00e8s difficile \u00e0 parcourir\u00ab\u00a0\u00a0\u00bb font_container=\u00a0\u00bbtag:h2|font_size:32|text_align:left|line_height:1.1&Prime; google_fonts=\u00a0\u00bbfont_family:Open%20Sans%3A300%2C300italic%2Cregular%2Citalic%2C600%2C600italic%2C700%2C700italic%2C800%2C800italic|font_style:600%20bold%20italic%3A600%3Aitalic\u00a0\u00bb link=\u00a0\u00bburl:https%3A%2F%2Fwww.cbc.ca%2Fnews%2Fcanada%2Fhamilton%2Fhamilton-arts-1.4811797||target:%20_blank|\u00a0\u00bb][vc_column_text]<a href=\"https:\/\/www.cbc.ca\/news\/canada\/hamilton\/hamilton-arts-1.4811797\" target=\"_blank\" rel=\"noopener noreferrer\">Pour ceux qui restent derri\u00e8re : La renaissance artistique de Hamilton ne profite pas \u00e0 tout le monde.<\/a><\/p>\n<p>11 septembre 2018<br \/>\nAdam Carter, CBC News[\/vc_column_text][\/vc_column_inner][\/vc_row_inner][vc_row_inner css=\u00a0\u00bb.vc_custom_1531051580447{margin-bottom: 40px !important;}\u00a0\u00bb][vc_column_inner width=\u00a0\u00bb1\/4&Prime;][vc_single_image image=\u00a0\u00bb4497&Prime; img_size=\u00a0\u00bbmedium\u00a0\u00bb alignment=\u00a0\u00bbright\u00a0\u00bb][\/vc_column_inner][vc_column_inner width=\u00a0\u00bb3\/4&Prime;][vc_custom_heading text=\u00a0\u00bbAnnonce du Symposium des services d&rsquo;arts num\u00e9riques\u00a0\u00bb font_container=\u00a0\u00bbtag:h2|font_size:32|text_align:left|line_height:1.1&Prime; google_fonts=\u00a0\u00bbfont_family:Open%20Sans%3A300%2C300italic%2Cregular%2Citalic%2C600%2C600italic%2C700%2C700italic%2C800%2C800italic|font_style:600%20bold%20italic%3A600%3Aitalic\u00a0\u00bb link=\u00a0\u00bburl:https%3A%2F%2Fmain.artspond.com%2Fwp-content%2Fuploads%2F2018%2F08%2F2018-08-03-DASSAN-pr-en.pdf|||\u00a0\u00bb][vc_column_text]<a href=\"https:\/\/artspond.com\/wp-content\/uploads\/2018\/08\/2018-08-03-DASSAN-pr-en.pdf\">Symposium des services d&rsquo;arts num\u00e9riques 2019<\/a><br \/>\n3 ao\u00fbt 2018<br \/>\nCommuniqu\u00e9 de presse[\/vc_column_text][\/vc_column_inner][\/vc_row_inner][vc_row_inner css=\u00a0\u00bb.vc_custom_1531051580447{margin-bottom: 40px !important;}\u00a0\u00bb][vc_column_inner width=\u00a0\u00bb1\/4&Prime;][vc_single_image image=\u00a0\u00bb4444&Prime; img_size=\u00a0\u00bbmedium\u00a0\u00bb alignment=\u00a0\u00bbright\u00a0\u00bb][\/vc_column_inner][vc_column_inner width=\u00a0\u00bb3\/4&Prime;][vc_custom_heading text=\u00a0\u00bbTO Arts Managers\u00a0\u00bb font_container=\u00a0\u00bbtag:h2|font_size:32|text_align:left|line_height:1.1&Prime; google_fonts=\u00a0\u00bbfont_family:Open%20Sans%3A300%2C300italic%2Cregular%2Citalic%2C600%2C600italic%2C700%2C700italic%2C800%2C800italic|font_style:600%20bold%20italic%3A600%3Aitalic\u00a0\u00bb link=\u00a0\u00bburl:https%3A%2F%2Fissuu.com%2Ftoartsmanagers%2Fdocs%2Fto_arts_managers_||target:%20_blank|\u00a0\u00bb][vc_column_text]<a href=\"https:\/\/issuu.com\/toartsmanagers\/docs\/to_arts_managers_\" target=\"_blank\" rel=\"noopener\">Entrevue\u00a0imprim\u00e9e avec Jessa Agilo<\/a><br \/>\nTO Arts Managers<br \/>\navril 2018,\u00a0Pages 24-25[\/vc_column_text][\/vc_column_inner][\/vc_row_inner][vc_row_inner css=\u00a0\u00bb.vc_custom_1531051580447{margin-bottom: 40px !important;}\u00a0\u00bb][vc_column_inner width=\u00a0\u00bb1\/4&Prime;][vc_single_image image=\u00a0\u00bb4425&Prime; img_size=\u00a0\u00bbmedium\u00a0\u00bb alignment=\u00a0\u00bbright\u00a0\u00bb][\/vc_column_inner][vc_column_inner width=\u00a0\u00bb3\/4&Prime;][vc_custom_heading text=\u00a0\u00bbJessa Agilo d&rsquo;\u00c9tang d&rsquo;Arts fait un travail fascinant sur les mod\u00e8les organisationnels alternatifs, l&#8217;embourgeoisement et toutes sortes de choses politiques.\u00a0\u00bb font_container=\u00a0\u00bbtag:h2|font_size:32|text_align:left|line_height:1.1&Prime; google_fonts=\u00a0\u00bbfont_family:Open%20Sans%3A300%2C300italic%2Cregular%2Citalic%2C600%2C600italic%2C700%2C700italic%2C800%2C800italic|font_style:600%20bold%20italic%3A600%3Aitalic\u00a0\u00bb link=\u00a0\u00bburl:https%3A%2F%2Fnowtoronto.com%2Fhumber%2Fwe-are-humber-anne-frost%2F|target:%20_blank|\u00a0\u00bb][vc_column_text]<a href=\"https:\/\/nowtoronto.com\/humber\/we-are-humber-anne-frost\/\" target=\"_blank\" rel=\"noopener\">We Are Humber: Anne Frost<\/a><br \/>\nNOW x Humber Digital Residency<br \/>\n22 mars 2018[\/vc_column_text][\/vc_column_inner][\/vc_row_inner][vc_row_inner css=\u00a0\u00bb.vc_custom_1531051592898{margin-bottom: 40px !important;}\u00a0\u00bb][vc_column_inner width=\u00a0\u00bb1\/4&Prime;][vc_single_image image=\u00a0\u00bb4438&Prime; img_size=\u00a0\u00bbmedium\u00a0\u00bb alignment=\u00a0\u00bbright\u00a0\u00bb][\/vc_column_inner][vc_column_inner width=\u00a0\u00bb3\/4&Prime;][vc_custom_heading text=\u00a0\u00bbunMANAGEABLE\u00a0\u00bb font_container=\u00a0\u00bbtag:h2|font_size:32|text_align:left|line_height:1.1&Prime; google_fonts=\u00a0\u00bbfont_family:Open%20Sans%3A300%2C300italic%2Cregular%2Citalic%2C600%2C600italic%2C700%2C700italic%2C800%2C800italic|font_style:600%20bold%20italic%3A600%3Aitalic\u00a0\u00bb link=\u00a0\u00bburl:http%3A%2F%2Fwww.humbergalleries.ca%2Fexhibitions%2Fl-space%2Funmanageable|target:%20_blank|\u00a0\u00bb][vc_column_text]<a href=\"http:\/\/www.humbergalleries.ca\/exhibitions\/l-space\/unmanageable\" target=\"_blank\" rel=\"noopener\">Entrevue\u00a0vid\u00e9o avec Jessa Agilo<\/a><br \/>\nunManageable @ Humber Galleries<br \/>\navril 2017[\/vc_column_text][\/vc_column_inner][\/vc_row_inner][\/vc_column][\/vc_row]<\/p>\n<\/div>","protected":false},"excerpt":{"rendered":"<p>[vc_row][vc_column][vc_column_text]Pour des demandes sp\u00e9cifiques, s&rsquo;il vous pla\u00eet envoyez-nous un courriel \u00e0\u00a0hello@artspond.com. Nos rapports annuels valent un coup d&rsquo;oeil aussi. [\/vc_column_text][vc_row_inner css=\u00a0\u00bb.vc_custom_1531051580447{margin-bottom: 40px !important;}\u00a0\u00bb][vc_column_inner width=\u00a0\u00bb1\/4&Prime;][vc_single_image image=\u00a0\u00bb4497&Prime; img_size=\u00a0\u00bbmedium\u00a0\u00bb<span class=\"excerpt-hellip\"> [\u2026]<\/span><\/p>\n","protected":false},"author":1,"featured_media":0,"parent":0,"menu_order":0,"comment_status":"closed","ping_status":"closed","template":"","meta":{"footnotes":""},"class_list":["post-4613","page","type-page","status-publish","hentry"],"yoast_head":"<!-- This site is optimized with the Yoast SEO plugin v27.4 - https:\/\/yoast.com\/product\/yoast-seo-wordpress\/ -->\n<title>Ressources presse - ArtsPond<\/title>\n<meta name=\"robots\" content=\"index, follow, max-snippet:-1, max-image-preview:large, max-video-preview:-1\" \/>\n<link rel=\"canonical\" href=\"https:\/\/artspond.com\/fr\/ressources-presse\/\" \/>\n<meta property=\"og:locale\" content=\"fr_FR\" \/>\n<meta property=\"og:type\" content=\"article\" \/>\n<meta property=\"og:title\" content=\"Ressources presse - ArtsPond\" \/>\n<meta property=\"og:description\" content=\"[vc_row][vc_column][vc_column_text]Pour des demandes sp\u00e9cifiques, s&rsquo;il vous pla\u00eet envoyez-nous un courriel \u00e0\u00a0hello@artspond.com. Nos rapports annuels valent un coup d&rsquo;oeil aussi. [\/vc_column_text][vc_row_inner css=\u00a0\u00bb.vc_custom_1531051580447{margin-bottom: 40px !important;}\u00a0\u00bb][vc_column_inner width=\u00a0\u00bb1\/4&Prime;][vc_single_image image=\u00a0\u00bb4497&Prime; img_size=\u00a0\u00bbmedium\u00a0\u00bb [\u2026]\" \/>\n<meta property=\"og:url\" content=\"https:\/\/artspond.com\/fr\/ressources-presse\/\" \/>\n<meta property=\"og:site_name\" content=\"ArtsPond\" \/>\n<meta property=\"article:modified_time\" content=\"2021-05-18T15:01:00+00:00\" \/>\n<meta name=\"twitter:card\" content=\"summary_large_image\" \/>\n<meta name=\"twitter:label1\" content=\"Dur\u00e9e de lecture estim\u00e9e\" \/>\n\t<meta name=\"twitter:data1\" content=\"2 minutes\" \/>\n<script type=\"application\/ld+json\" class=\"yoast-schema-graph\">{\"@context\":\"https:\\\/\\\/schema.org\",\"@graph\":[{\"@type\":\"WebPage\",\"@id\":\"https:\\\/\\\/artspond.com\\\/fr\\\/ressources-presse\\\/\",\"url\":\"https:\\\/\\\/artspond.com\\\/fr\\\/ressources-presse\\\/\",\"name\":\"Ressources presse - ArtsPond\",\"isPartOf\":{\"@id\":\"https:\\\/\\\/artspond.com\\\/fr\\\/#website\"},\"datePublished\":\"2018-07-08T10:03:20+00:00\",\"dateModified\":\"2021-05-18T15:01:00+00:00\",\"breadcrumb\":{\"@id\":\"https:\\\/\\\/artspond.com\\\/fr\\\/ressources-presse\\\/#breadcrumb\"},\"inLanguage\":\"fr-FR\",\"potentialAction\":[{\"@type\":\"ReadAction\",\"target\":[\"https:\\\/\\\/artspond.com\\\/fr\\\/ressources-presse\\\/\"]}]},{\"@type\":\"BreadcrumbList\",\"@id\":\"https:\\\/\\\/artspond.com\\\/fr\\\/ressources-presse\\\/#breadcrumb\",\"itemListElement\":[{\"@type\":\"ListItem\",\"position\":1,\"name\":\"Home\",\"item\":\"https:\\\/\\\/artspond.com\\\/fr\\\/\"},{\"@type\":\"ListItem\",\"position\":2,\"name\":\"Ressources presse\"}]},{\"@type\":\"WebSite\",\"@id\":\"https:\\\/\\\/artspond.com\\\/fr\\\/#website\",\"url\":\"https:\\\/\\\/artspond.com\\\/fr\\\/\",\"name\":\"ArtsPond\",\"description\":\"\",\"potentialAction\":[{\"@type\":\"SearchAction\",\"target\":{\"@type\":\"EntryPoint\",\"urlTemplate\":\"https:\\\/\\\/artspond.com\\\/fr\\\/?s={search_term_string}\"},\"query-input\":{\"@type\":\"PropertyValueSpecification\",\"valueRequired\":true,\"valueName\":\"search_term_string\"}}],\"inLanguage\":\"fr-FR\"}]}<\/script>\n<!-- \/ Yoast SEO plugin. -->","yoast_head_json":{"title":"Ressources presse - ArtsPond","robots":{"index":"index","follow":"follow","max-snippet":"max-snippet:-1","max-image-preview":"max-image-preview:large","max-video-preview":"max-video-preview:-1"},"canonical":"https:\/\/artspond.com\/fr\/ressources-presse\/","og_locale":"fr_FR","og_type":"article","og_title":"Ressources presse - ArtsPond","og_description":"[vc_row][vc_column][vc_column_text]Pour des demandes sp\u00e9cifiques, s&rsquo;il vous pla\u00eet envoyez-nous un courriel \u00e0\u00a0hello@artspond.com. Nos rapports annuels valent un coup d&rsquo;oeil aussi. [\/vc_column_text][vc_row_inner css=\u00a0\u00bb.vc_custom_1531051580447{margin-bottom: 40px !important;}\u00a0\u00bb][vc_column_inner width=\u00a0\u00bb1\/4&Prime;][vc_single_image image=\u00a0\u00bb4497&Prime; img_size=\u00a0\u00bbmedium\u00a0\u00bb [\u2026]","og_url":"https:\/\/artspond.com\/fr\/ressources-presse\/","og_site_name":"ArtsPond","article_modified_time":"2021-05-18T15:01:00+00:00","twitter_card":"summary_large_image","twitter_misc":{"Dur\u00e9e de lecture estim\u00e9e":"2 minutes"},"schema":{"@context":"https:\/\/schema.org","@graph":[{"@type":"WebPage","@id":"https:\/\/artspond.com\/fr\/ressources-presse\/","url":"https:\/\/artspond.com\/fr\/ressources-presse\/","name":"Ressources presse - ArtsPond","isPartOf":{"@id":"https:\/\/artspond.com\/fr\/#website"},"datePublished":"2018-07-08T10:03:20+00:00","dateModified":"2021-05-18T15:01:00+00:00","breadcrumb":{"@id":"https:\/\/artspond.com\/fr\/ressources-presse\/#breadcrumb"},"inLanguage":"fr-FR","potentialAction":[{"@type":"ReadAction","target":["https:\/\/artspond.com\/fr\/ressources-presse\/"]}]},{"@type":"BreadcrumbList","@id":"https:\/\/artspond.com\/fr\/ressources-presse\/#breadcrumb","itemListElement":[{"@type":"ListItem","position":1,"name":"Home","item":"https:\/\/artspond.com\/fr\/"},{"@type":"ListItem","position":2,"name":"Ressources presse"}]},{"@type":"WebSite","@id":"https:\/\/artspond.com\/fr\/#website","url":"https:\/\/artspond.com\/fr\/","name":"ArtsPond","description":"","potentialAction":[{"@type":"SearchAction","target":{"@type":"EntryPoint","urlTemplate":"https:\/\/artspond.com\/fr\/?s={search_term_string}"},"query-input":{"@type":"PropertyValueSpecification","valueRequired":true,"valueName":"search_term_string"}}],"inLanguage":"fr-FR"}]}},"_links":{"self":[{"href":"https:\/\/artspond.com\/fr\/wp-json\/wp\/v2\/pages\/4613","targetHints":{"allow":["GET"]}}],"collection":[{"href":"https:\/\/artspond.com\/fr\/wp-json\/wp\/v2\/pages"}],"about":[{"href":"https:\/\/artspond.com\/fr\/wp-json\/wp\/v2\/types\/page"}],"author":[{"embeddable":true,"href":"https:\/\/artspond.com\/fr\/wp-json\/wp\/v2\/users\/1"}],"replies":[{"embeddable":true,"href":"https:\/\/artspond.com\/fr\/wp-json\/wp\/v2\/comments?post=4613"}],"version-history":[{"count":0,"href":"https:\/\/artspond.com\/fr\/wp-json\/wp\/v2\/pages\/4613\/revisions"}],"wp:attachment":[{"href":"https:\/\/artspond.com\/fr\/wp-json\/wp\/v2\/media?parent=4613"}],"curies":[{"name":"wp","href":"https:\/\/api.w.org\/{rel}","templated":true}]}}