{"id":4606,"date":"2018-07-20T14:16:15","date_gmt":"2018-07-20T18:16:15","guid":{"rendered":"https:\/\/artspond.com\/actifs-de-marque\/"},"modified":"2021-05-17T15:10:34","modified_gmt":"2021-05-17T19:10:34","slug":"actifs-de-marque","status":"publish","type":"page","link":"https:\/\/artspond.com\/fr\/actifs-de-marque\/","title":{"rendered":"Actifs de marque"},"content":{"rendered":"<p>Merci de votre int\u00e9r\u00eat pour \u00c9tang d&rsquo;Arts. Nous d\u00e9veloppons quelques lignes directrices pour l&rsquo;utilisation de nos actifs de marque. Revenez bient\u00f4t d\u00e8s qu&rsquo;ils seront disponibles. Vous pourrez \u00e9galement t\u00e9l\u00e9charger des copies de nos diff\u00e9rents logos ici, y compris \u00c9tang d&rsquo;Arts, Histoire de terrain, OSANum\u00e9riques, Afflux, DASSAN19, et al.<\/p>\n","protected":false},"excerpt":{"rendered":"<p>Merci de votre int\u00e9r\u00eat pour \u00c9tang d&rsquo;Arts. Nous d\u00e9veloppons quelques lignes directrices pour l&rsquo;utilisation de nos actifs de marque. Revenez bient\u00f4t d\u00e8s qu&rsquo;ils seront disponibles. Vous<span class=\"excerpt-hellip\"> [\u2026]<\/span><\/p>\n","protected":false},"author":1,"featured_media":0,"parent":0,"menu_order":0,"comment_status":"closed","ping_status":"closed","template":"","meta":{"footnotes":""},"class_list":["post-4606","page","type-page","status-publish","hentry"],"yoast_head":"<!-- This site is optimized with the Yoast SEO plugin v27.5 - https:\/\/yoast.com\/product\/yoast-seo-wordpress\/ -->\n<title>Actifs de marque - ArtsPond<\/title>\n<meta name=\"robots\" content=\"index, follow, max-snippet:-1, max-image-preview:large, max-video-preview:-1\" \/>\n<link rel=\"canonical\" href=\"https:\/\/artspond.com\/fr\/actifs-de-marque\/\" \/>\n<meta property=\"og:locale\" content=\"fr_FR\" \/>\n<meta property=\"og:type\" content=\"article\" \/>\n<meta property=\"og:title\" content=\"Actifs de marque - ArtsPond\" \/>\n<meta property=\"og:description\" content=\"Merci de votre int\u00e9r\u00eat pour \u00c9tang d&rsquo;Arts. Nous d\u00e9veloppons quelques lignes directrices pour l&rsquo;utilisation de nos actifs de marque. Revenez bient\u00f4t d\u00e8s qu&rsquo;ils seront disponibles. Vous [\u2026]\" \/>\n<meta property=\"og:url\" content=\"https:\/\/artspond.com\/fr\/actifs-de-marque\/\" \/>\n<meta property=\"og:site_name\" content=\"ArtsPond\" \/>\n<meta property=\"article:modified_time\" content=\"2021-05-17T19:10:34+00:00\" \/>\n<meta name=\"twitter:card\" content=\"summary_large_image\" \/>\n<script type=\"application\/ld+json\" class=\"yoast-schema-graph\">{\"@context\":\"https:\\\/\\\/schema.org\",\"@graph\":[{\"@type\":\"WebPage\",\"@id\":\"https:\\\/\\\/artspond.com\\\/fr\\\/actifs-de-marque\\\/\",\"url\":\"https:\\\/\\\/artspond.com\\\/fr\\\/actifs-de-marque\\\/\",\"name\":\"Actifs de marque - ArtsPond\",\"isPartOf\":{\"@id\":\"https:\\\/\\\/artspond.com\\\/fr\\\/#website\"},\"datePublished\":\"2018-07-20T18:16:15+00:00\",\"dateModified\":\"2021-05-17T19:10:34+00:00\",\"breadcrumb\":{\"@id\":\"https:\\\/\\\/artspond.com\\\/fr\\\/actifs-de-marque\\\/#breadcrumb\"},\"inLanguage\":\"fr-FR\",\"potentialAction\":[{\"@type\":\"ReadAction\",\"target\":[\"https:\\\/\\\/artspond.com\\\/fr\\\/actifs-de-marque\\\/\"]}]},{\"@type\":\"BreadcrumbList\",\"@id\":\"https:\\\/\\\/artspond.com\\\/fr\\\/actifs-de-marque\\\/#breadcrumb\",\"itemListElement\":[{\"@type\":\"ListItem\",\"position\":1,\"name\":\"Home\",\"item\":\"https:\\\/\\\/artspond.com\\\/fr\\\/\"},{\"@type\":\"ListItem\",\"position\":2,\"name\":\"Actifs de marque\"}]},{\"@type\":\"WebSite\",\"@id\":\"https:\\\/\\\/artspond.com\\\/fr\\\/#website\",\"url\":\"https:\\\/\\\/artspond.com\\\/fr\\\/\",\"name\":\"ArtsPond\",\"description\":\"\",\"potentialAction\":[{\"@type\":\"SearchAction\",\"target\":{\"@type\":\"EntryPoint\",\"urlTemplate\":\"https:\\\/\\\/artspond.com\\\/fr\\\/?s={search_term_string}\"},\"query-input\":{\"@type\":\"PropertyValueSpecification\",\"valueRequired\":true,\"valueName\":\"search_term_string\"}}],\"inLanguage\":\"fr-FR\"}]}<\/script>\n<!-- \/ Yoast SEO plugin. -->","yoast_head_json":{"title":"Actifs de marque - ArtsPond","robots":{"index":"index","follow":"follow","max-snippet":"max-snippet:-1","max-image-preview":"max-image-preview:large","max-video-preview":"max-video-preview:-1"},"canonical":"https:\/\/artspond.com\/fr\/actifs-de-marque\/","og_locale":"fr_FR","og_type":"article","og_title":"Actifs de marque - ArtsPond","og_description":"Merci de votre int\u00e9r\u00eat pour \u00c9tang d&rsquo;Arts. Nous d\u00e9veloppons quelques lignes directrices pour l&rsquo;utilisation de nos actifs de marque. Revenez bient\u00f4t d\u00e8s qu&rsquo;ils seront disponibles. Vous [\u2026]","og_url":"https:\/\/artspond.com\/fr\/actifs-de-marque\/","og_site_name":"ArtsPond","article_modified_time":"2021-05-17T19:10:34+00:00","twitter_card":"summary_large_image","schema":{"@context":"https:\/\/schema.org","@graph":[{"@type":"WebPage","@id":"https:\/\/artspond.com\/fr\/actifs-de-marque\/","url":"https:\/\/artspond.com\/fr\/actifs-de-marque\/","name":"Actifs de marque - ArtsPond","isPartOf":{"@id":"https:\/\/artspond.com\/fr\/#website"},"datePublished":"2018-07-20T18:16:15+00:00","dateModified":"2021-05-17T19:10:34+00:00","breadcrumb":{"@id":"https:\/\/artspond.com\/fr\/actifs-de-marque\/#breadcrumb"},"inLanguage":"fr-FR","potentialAction":[{"@type":"ReadAction","target":["https:\/\/artspond.com\/fr\/actifs-de-marque\/"]}]},{"@type":"BreadcrumbList","@id":"https:\/\/artspond.com\/fr\/actifs-de-marque\/#breadcrumb","itemListElement":[{"@type":"ListItem","position":1,"name":"Home","item":"https:\/\/artspond.com\/fr\/"},{"@type":"ListItem","position":2,"name":"Actifs de marque"}]},{"@type":"WebSite","@id":"https:\/\/artspond.com\/fr\/#website","url":"https:\/\/artspond.com\/fr\/","name":"ArtsPond","description":"","potentialAction":[{"@type":"SearchAction","target":{"@type":"EntryPoint","urlTemplate":"https:\/\/artspond.com\/fr\/?s={search_term_string}"},"query-input":{"@type":"PropertyValueSpecification","valueRequired":true,"valueName":"search_term_string"}}],"inLanguage":"fr-FR"}]}},"_links":{"self":[{"href":"https:\/\/artspond.com\/fr\/wp-json\/wp\/v2\/pages\/4606","targetHints":{"allow":["GET"]}}],"collection":[{"href":"https:\/\/artspond.com\/fr\/wp-json\/wp\/v2\/pages"}],"about":[{"href":"https:\/\/artspond.com\/fr\/wp-json\/wp\/v2\/types\/page"}],"author":[{"embeddable":true,"href":"https:\/\/artspond.com\/fr\/wp-json\/wp\/v2\/users\/1"}],"replies":[{"embeddable":true,"href":"https:\/\/artspond.com\/fr\/wp-json\/wp\/v2\/comments?post=4606"}],"version-history":[{"count":0,"href":"https:\/\/artspond.com\/fr\/wp-json\/wp\/v2\/pages\/4606\/revisions"}],"wp:attachment":[{"href":"https:\/\/artspond.com\/fr\/wp-json\/wp\/v2\/media?parent=4606"}],"curies":[{"name":"wp","href":"https:\/\/api.w.org\/{rel}","templated":true}]}}