{"id":4589,"date":"2018-07-08T05:58:18","date_gmt":"2018-07-08T09:58:18","guid":{"rendered":"https:\/\/artspond.com\/rapports-annuels\/"},"modified":"2021-05-17T15:03:24","modified_gmt":"2021-05-17T19:03:24","slug":"rapports-annuels","status":"publish","type":"page","link":"https:\/\/artspond.com\/fr\/rapports-annuels\/","title":{"rendered":"Rapports annuels"},"content":{"rendered":"<ul>\r\n<li><a href=\"https:\/\/artspond.com\/rapport-annuel-2021\/?lang=fr\" target=\"_blank\" rel=\"noopener noreferrer\">Rapport annuel 2021<\/a> (pr\u00e9vu)<\/li>\r\n<li><a href=\"https:\/\/artspond.com\/rapport-annuel-2020\/?lang=fr\" target=\"_blank\" rel=\"noopener noreferrer\">Rapport annuel 2020<\/a> | <a href=\"https:\/\/artspond.com\/fr\/2020-agm-circular-public-2\/?lang=fr\">2020 AGM Circular<\/a><\/li>\r\n<li><a href=\"https:\/\/artspond.com\/rapport-annuel-2019\/?lang=fr\" target=\"_blank\" rel=\"noopener noreferrer\">Rapport annuel 2019<\/a> |<a href=\"https:\/\/artspond.com\/fr\/rapports-annuels\/2019-agm-circular-public-2\/?lang=fr\" target=\"_blank\" rel=\"noopener noreferrer\"> 2019 AGM Circular<\/a><\/li>\r\n<li><a href=\"https:\/\/artspond.com\/rapport-annuel-2018\/?lang=fr\">Rapport annuel 2018<\/a><\/li>\r\n<li><a href=\"https:\/\/artspond.com\/rapport-annuel-2017\/?lang=fr\">Rapport annuel 2017<\/a> (Ann\u00e9e d&rsquo;incorporation)<\/li>\r\n<\/ul>\r\n<p>Nos rapports annuels, de la pr\u00e9-constitution \u00e0 aujourd&rsquo;hui, peuvent \u00e9galement \u00eatre t\u00e9l\u00e9charg\u00e9s sous forme de donn\u00e9es ouvertes. Derni\u00e8re mise \u00e0 jour le 20 octobre 2020 <a href=\"https:\/\/artspond.com\/fr\/2020-10-20-artspond-open-data-xlsx-2\/\" rel=\"noopener\" target=\"_blank\">XLSX<\/a> | <a href=\"https:\/\/artspond.com\/fr\/2020-10-20-artspond-open-data-csv-2\/\" rel=\"noopener\" target=\"_blank\">CSV<\/a><\/p>\r\n&#13;\r\n<p>\u00a0<\/p>&#13;\r\n","protected":false},"excerpt":{"rendered":"<p>Rapport annuel 2021 (pr\u00e9vu) Rapport annuel 2020 | 2020 AGM Circular Rapport annuel 2019 | 2019 AGM Circular Rapport annuel 2018 Rapport annuel 2017 (Ann\u00e9e d&rsquo;incorporation)<span class=\"excerpt-hellip\"> [\u2026]<\/span><\/p>\n","protected":false},"author":1,"featured_media":0,"parent":0,"menu_order":0,"comment_status":"closed","ping_status":"closed","template":"","meta":{"footnotes":""},"class_list":["post-4589","page","type-page","status-publish","hentry"],"yoast_head":"<!-- This site is optimized with the Yoast SEO plugin v27.5 - https:\/\/yoast.com\/product\/yoast-seo-wordpress\/ -->\n<title>Rapports annuels - ArtsPond<\/title>\n<meta name=\"robots\" content=\"index, follow, max-snippet:-1, max-image-preview:large, max-video-preview:-1\" \/>\n<link rel=\"canonical\" href=\"https:\/\/artspond.com\/fr\/rapports-annuels\/\" \/>\n<meta property=\"og:locale\" content=\"fr_FR\" \/>\n<meta property=\"og:type\" content=\"article\" \/>\n<meta property=\"og:title\" content=\"Rapports annuels - ArtsPond\" \/>\n<meta property=\"og:description\" content=\"Rapport annuel 2021 (pr\u00e9vu) Rapport annuel 2020 | 2020 AGM Circular Rapport annuel 2019 | 2019 AGM Circular Rapport annuel 2018 Rapport annuel 2017 (Ann\u00e9e d&rsquo;incorporation) [\u2026]\" \/>\n<meta property=\"og:url\" content=\"https:\/\/artspond.com\/fr\/rapports-annuels\/\" \/>\n<meta property=\"og:site_name\" content=\"ArtsPond\" \/>\n<meta property=\"article:modified_time\" content=\"2021-05-17T19:03:24+00:00\" \/>\n<meta name=\"twitter:card\" content=\"summary_large_image\" \/>\n<script type=\"application\/ld+json\" class=\"yoast-schema-graph\">{\"@context\":\"https:\\\/\\\/schema.org\",\"@graph\":[{\"@type\":\"WebPage\",\"@id\":\"https:\\\/\\\/artspond.com\\\/fr\\\/rapports-annuels\\\/\",\"url\":\"https:\\\/\\\/artspond.com\\\/fr\\\/rapports-annuels\\\/\",\"name\":\"Rapports annuels - ArtsPond\",\"isPartOf\":{\"@id\":\"https:\\\/\\\/artspond.com\\\/fr\\\/#website\"},\"datePublished\":\"2018-07-08T09:58:18+00:00\",\"dateModified\":\"2021-05-17T19:03:24+00:00\",\"breadcrumb\":{\"@id\":\"https:\\\/\\\/artspond.com\\\/fr\\\/rapports-annuels\\\/#breadcrumb\"},\"inLanguage\":\"fr-FR\",\"potentialAction\":[{\"@type\":\"ReadAction\",\"target\":[\"https:\\\/\\\/artspond.com\\\/fr\\\/rapports-annuels\\\/\"]}]},{\"@type\":\"BreadcrumbList\",\"@id\":\"https:\\\/\\\/artspond.com\\\/fr\\\/rapports-annuels\\\/#breadcrumb\",\"itemListElement\":[{\"@type\":\"ListItem\",\"position\":1,\"name\":\"Home\",\"item\":\"https:\\\/\\\/artspond.com\\\/fr\\\/\"},{\"@type\":\"ListItem\",\"position\":2,\"name\":\"Rapports annuels\"}]},{\"@type\":\"WebSite\",\"@id\":\"https:\\\/\\\/artspond.com\\\/fr\\\/#website\",\"url\":\"https:\\\/\\\/artspond.com\\\/fr\\\/\",\"name\":\"ArtsPond\",\"description\":\"\",\"potentialAction\":[{\"@type\":\"SearchAction\",\"target\":{\"@type\":\"EntryPoint\",\"urlTemplate\":\"https:\\\/\\\/artspond.com\\\/fr\\\/?s={search_term_string}\"},\"query-input\":{\"@type\":\"PropertyValueSpecification\",\"valueRequired\":true,\"valueName\":\"search_term_string\"}}],\"inLanguage\":\"fr-FR\"}]}<\/script>\n<!-- \/ Yoast SEO plugin. -->","yoast_head_json":{"title":"Rapports annuels - ArtsPond","robots":{"index":"index","follow":"follow","max-snippet":"max-snippet:-1","max-image-preview":"max-image-preview:large","max-video-preview":"max-video-preview:-1"},"canonical":"https:\/\/artspond.com\/fr\/rapports-annuels\/","og_locale":"fr_FR","og_type":"article","og_title":"Rapports annuels - ArtsPond","og_description":"Rapport annuel 2021 (pr\u00e9vu) Rapport annuel 2020 | 2020 AGM Circular Rapport annuel 2019 | 2019 AGM Circular Rapport annuel 2018 Rapport annuel 2017 (Ann\u00e9e d&rsquo;incorporation) [\u2026]","og_url":"https:\/\/artspond.com\/fr\/rapports-annuels\/","og_site_name":"ArtsPond","article_modified_time":"2021-05-17T19:03:24+00:00","twitter_card":"summary_large_image","schema":{"@context":"https:\/\/schema.org","@graph":[{"@type":"WebPage","@id":"https:\/\/artspond.com\/fr\/rapports-annuels\/","url":"https:\/\/artspond.com\/fr\/rapports-annuels\/","name":"Rapports annuels - ArtsPond","isPartOf":{"@id":"https:\/\/artspond.com\/fr\/#website"},"datePublished":"2018-07-08T09:58:18+00:00","dateModified":"2021-05-17T19:03:24+00:00","breadcrumb":{"@id":"https:\/\/artspond.com\/fr\/rapports-annuels\/#breadcrumb"},"inLanguage":"fr-FR","potentialAction":[{"@type":"ReadAction","target":["https:\/\/artspond.com\/fr\/rapports-annuels\/"]}]},{"@type":"BreadcrumbList","@id":"https:\/\/artspond.com\/fr\/rapports-annuels\/#breadcrumb","itemListElement":[{"@type":"ListItem","position":1,"name":"Home","item":"https:\/\/artspond.com\/fr\/"},{"@type":"ListItem","position":2,"name":"Rapports annuels"}]},{"@type":"WebSite","@id":"https:\/\/artspond.com\/fr\/#website","url":"https:\/\/artspond.com\/fr\/","name":"ArtsPond","description":"","potentialAction":[{"@type":"SearchAction","target":{"@type":"EntryPoint","urlTemplate":"https:\/\/artspond.com\/fr\/?s={search_term_string}"},"query-input":{"@type":"PropertyValueSpecification","valueRequired":true,"valueName":"search_term_string"}}],"inLanguage":"fr-FR"}]}},"_links":{"self":[{"href":"https:\/\/artspond.com\/fr\/wp-json\/wp\/v2\/pages\/4589","targetHints":{"allow":["GET"]}}],"collection":[{"href":"https:\/\/artspond.com\/fr\/wp-json\/wp\/v2\/pages"}],"about":[{"href":"https:\/\/artspond.com\/fr\/wp-json\/wp\/v2\/types\/page"}],"author":[{"embeddable":true,"href":"https:\/\/artspond.com\/fr\/wp-json\/wp\/v2\/users\/1"}],"replies":[{"embeddable":true,"href":"https:\/\/artspond.com\/fr\/wp-json\/wp\/v2\/comments?post=4589"}],"version-history":[{"count":0,"href":"https:\/\/artspond.com\/fr\/wp-json\/wp\/v2\/pages\/4589\/revisions"}],"wp:attachment":[{"href":"https:\/\/artspond.com\/fr\/wp-json\/wp\/v2\/media?parent=4589"}],"curies":[{"name":"wp","href":"https:\/\/api.w.org\/{rel}","templated":true}]}}