{"id":4562,"date":"2018-07-16T16:30:48","date_gmt":"2018-07-16T20:30:48","guid":{"rendered":"https:\/\/artspond.com\/rejoignez-nous\/"},"modified":"2019-08-06T13:32:24","modified_gmt":"2019-08-06T17:32:24","slug":"rejoignez-nous","status":"publish","type":"page","link":"https:\/\/artspond.com\/fr\/rejoignez-nous\/","title":{"rendered":"Rejoignez-nous"},"content":{"rendered":"<h4>Avez-vous la volont\u00e9 de d\u00e9gentrifier l&rsquo;Ontario?<\/h4>\n<p>Il existe de nombreuses fa\u00e7ons de soutenir activement le mandat d&rsquo;<em>Histoire de terrain<\/em> pour d\u00e9gentrifier l&rsquo;Ontario et de favoriser des communaut\u00e9s plus accessibles, abordables, cr\u00e9atives et inclusives. Passez en revue les opportunit\u00e9s ci-dessous et contactez-nous si vous souhaitez participer. Nous avons h\u00e2te d&rsquo;avoir de tes nouvelles!<\/p>\n<h5>Comite Consultatif<\/h5>\n<p>Les r\u00e9sidents et les groupes touch\u00e9s ainsi que les leaders \u00e9mergents et les champions \u00e9tablis des arts, des affaires, du gouvernement, du secteur sans but lucratif, de la philanthropie et d&rsquo;autres secteurs sont invit\u00e9s \u00e0 assister \u00e0 une ou plusieurs r\u00e9unions semestrielles gratuites du comit\u00e9 consultatif en Ontario. Le but de ces sessions est d&rsquo;aider \u00e0 identifier une structure de gouvernance collective, un agenda commun, une th\u00e9orie du changement et un cadre d&rsquo;\u00e9valuation soutenant l&rsquo;\u00e9volution \u00e0 long terme d&rsquo;<em>Histoire de Terrain<\/em>. Sessions auront lieu \u00e0 Hamilton, West Toronto-Etobicoke-Mississauga, East Toronto-Scarborough, et Central Toronto-York Region. Visitez la <a href=\"https:\/\/artspond.com\/events\">page d\u2019\u00e9v\u00e9nements<\/a>\u00a0pour plus de d\u00e9tails sur les prochaines sessions les plus proches de vous. Artistes, architectes, \u00e9ducateurs, urbanistes\/concepteurs, politiciens, promoteurs et professionnels d\u2019immobilier, entrepreneurs, travailleurs des services sociaux, bailleurs de fonds, membres de la communaut\u00e9, et bien d\u2019autres sont tous bienvenus. Les sessions sont actuellement h\u00e9berg\u00e9es seulement en anglais. Les r\u00e9sum\u00e9s imprim\u00e9s\/vid\u00e9o avec traductions\/sous-titrage en anglais et fran\u00e7ais seront mis \u00e0 disposition \u00e0 la suite de chaque r\u00e9union.<\/p>\n<h5>Approbation<\/h5>\n<p>Avaliser publiquement la valeur du mandat d&rsquo;<em>Histoire de terrain<\/em> une \u00e9tape importante pour la communaut\u00e9 en fournissant la permission d\u2019utiliser votre nom et\/ou t\u00e9moignage de soutien dans les propositions de subventions, communiqu\u00e9s de presse, et autre m\u00e9dias publics y compris les m\u00e9dias sociaux et le site Web d&rsquo;<em>Histoire de terrain<\/em>.<\/p>\n<h5>Plaider<\/h5>\n<p>Aider \u00e0 promouvoir et commercialiser les \u00e9v\u00e9nements et activit\u00e9s d&rsquo;<em>Histoire de terrain<\/em>\u00a0ou communiquer et partager des connaissances et\/ou recruter des partenaires et participants suppl\u00e9mentaires de communaut\u00e9s diverses. Selon vos ressources disponibles, aidez \u00e0 faire connaitre le mandate et les activit\u00e9s d&rsquo;<em>Histoire de terrain<\/em><\/p>\n<h5>Repr\u00e9sentant des personnes touch\u00e9es<\/h5>\n<p>Aider \u00e0 assurer qu&rsquo;<em>Histoire de terrain<\/em>\u00a0refl\u00e8te et engage les besoins et les int\u00e9r\u00eats des communaut\u00e9s les plus touch\u00e9es par l\u2019embourgeoisement.<\/p>\n<h5>Repr\u00e9sentant des communaut\u00e9s diversifi\u00e9es<\/h5>\n<p>Aider \u00e0 assurer qu&rsquo;<em>Histoire de terrain<\/em>\u00a0refl\u00e8te et engage les besoins et les int\u00e9r\u00eats des communaut\u00e9s diversifi\u00e9es et racialis\u00e9es de l\u2019Ontario, y compris les autochtones, francophones, nouveaux canadiens, 2LGBTQ+, les travailleurs des arts et culture sourds et handicap\u00e9s, et d\u2019autre groupes divers.<\/p>\n<h5>Participant \u00e0 la recherche<\/h5>\n<p>Soutenir les activit\u00e9s de recherche appliqu\u00e9e en participant \u00e0 des groupes de discussion ou \u00e0 des enqu\u00eates.<\/p>\n<h5>Comit\u00e9 de recherche<\/h5>\n<p>Contribuer \u00e0 la direction, la mise en \u0153uvre et\/ou l&rsquo;\u00e9valuation de la recherche appliqu\u00e9e (y compris une revue de la litt\u00e9rature internationale, des groupes de discussion, des sondages aupr\u00e8s du grand public et de l\u2019industrie des arts, des tables rondes publiques). Des niveaux d&rsquo;engagement flexibles selon la disponibilit\u00e9 ou l&rsquo;int\u00e9r\u00eat.<\/p>\n<h5>Organisateur des r\u00e9unions \/ tables rondes<\/h5>\n<p>Offrir un espace de r\u00e9union pour une ou plusieurs s\u00e9ances de convocation ou tables rondes publiques avec des si\u00e8ges requis pour 40 \u00e0 100 personnes. Soit en nature, soit en paiement \u00e0 l\u2019acte.<\/p>\n<h5>Comit\u00e9 de collecte de fonds<\/h5>\n<p>Contribuer aux efforts de collecte de fonds tels que la r\u00e9daction de demandes de subventions, le soutien des donateurs\/commanditaires principaux, la gestion de collectes de fonds pour les \u00e9v\u00e8nements sp\u00e9ciaux.<\/p>\n","protected":false},"excerpt":{"rendered":"<p>Avez-vous la volont\u00e9 de d\u00e9gentrifier l&rsquo;Ontario? Il existe de nombreuses fa\u00e7ons de soutenir activement le mandat d&rsquo;Histoire de terrain pour d\u00e9gentrifier l&rsquo;Ontario et de favoriser des<span class=\"excerpt-hellip\"> [\u2026]<\/span><\/p>\n","protected":false},"author":1,"featured_media":0,"parent":0,"menu_order":0,"comment_status":"closed","ping_status":"closed","template":"","meta":{"footnotes":""},"class_list":["post-4562","page","type-page","status-publish","hentry"],"yoast_head":"<!-- This site is optimized with the Yoast SEO plugin v27.5 - https:\/\/yoast.com\/product\/yoast-seo-wordpress\/ -->\n<title>Rejoignez-nous - ArtsPond<\/title>\n<meta name=\"description\" content=\"Avez-vous la volont\u00e9 de d\u00e9gentrifier l&#039;Ontario? Vous pouvez nous aider \u00e0 favoriser des communaut\u00e9s plus accessibles, abordables, cr\u00e9atives et inclusives en Ontario\" \/>\n<meta name=\"robots\" content=\"index, follow, max-snippet:-1, max-image-preview:large, max-video-preview:-1\" \/>\n<link rel=\"canonical\" href=\"https:\/\/artspond.com\/fr\/rejoignez-nous\/\" \/>\n<meta property=\"og:locale\" content=\"fr_FR\" \/>\n<meta property=\"og:type\" content=\"article\" \/>\n<meta property=\"og:title\" content=\"Rejoignez-nous - ArtsPond\" \/>\n<meta property=\"og:description\" content=\"Avez-vous la volont\u00e9 de d\u00e9gentrifier l&#039;Ontario? Vous pouvez nous aider \u00e0 favoriser des communaut\u00e9s plus accessibles, abordables, cr\u00e9atives et inclusives en Ontario\" \/>\n<meta property=\"og:url\" content=\"https:\/\/artspond.com\/fr\/rejoignez-nous\/\" \/>\n<meta property=\"og:site_name\" content=\"ArtsPond\" \/>\n<meta property=\"article:modified_time\" content=\"2019-08-06T17:32:24+00:00\" \/>\n<meta name=\"twitter:card\" content=\"summary_large_image\" \/>\n<meta name=\"twitter:label1\" content=\"Dur\u00e9e de lecture estim\u00e9e\" \/>\n\t<meta name=\"twitter:data1\" content=\"3 minutes\" \/>\n<script type=\"application\/ld+json\" class=\"yoast-schema-graph\">{\"@context\":\"https:\\\/\\\/schema.org\",\"@graph\":[{\"@type\":\"WebPage\",\"@id\":\"https:\\\/\\\/artspond.com\\\/fr\\\/rejoignez-nous\\\/\",\"url\":\"https:\\\/\\\/artspond.com\\\/fr\\\/rejoignez-nous\\\/\",\"name\":\"Rejoignez-nous - ArtsPond\",\"isPartOf\":{\"@id\":\"https:\\\/\\\/artspond.com\\\/fr\\\/#website\"},\"datePublished\":\"2018-07-16T20:30:48+00:00\",\"dateModified\":\"2019-08-06T17:32:24+00:00\",\"description\":\"Avez-vous la volont\u00e9 de d\u00e9gentrifier l'Ontario? Vous pouvez nous aider \u00e0 favoriser des communaut\u00e9s plus accessibles, abordables, cr\u00e9atives et inclusives en Ontario\",\"breadcrumb\":{\"@id\":\"https:\\\/\\\/artspond.com\\\/fr\\\/rejoignez-nous\\\/#breadcrumb\"},\"inLanguage\":\"fr-FR\",\"potentialAction\":[{\"@type\":\"ReadAction\",\"target\":[\"https:\\\/\\\/artspond.com\\\/fr\\\/rejoignez-nous\\\/\"]}]},{\"@type\":\"BreadcrumbList\",\"@id\":\"https:\\\/\\\/artspond.com\\\/fr\\\/rejoignez-nous\\\/#breadcrumb\",\"itemListElement\":[{\"@type\":\"ListItem\",\"position\":1,\"name\":\"Home\",\"item\":\"https:\\\/\\\/artspond.com\\\/fr\\\/\"},{\"@type\":\"ListItem\",\"position\":2,\"name\":\"Rejoignez-nous\"}]},{\"@type\":\"WebSite\",\"@id\":\"https:\\\/\\\/artspond.com\\\/fr\\\/#website\",\"url\":\"https:\\\/\\\/artspond.com\\\/fr\\\/\",\"name\":\"ArtsPond\",\"description\":\"\",\"potentialAction\":[{\"@type\":\"SearchAction\",\"target\":{\"@type\":\"EntryPoint\",\"urlTemplate\":\"https:\\\/\\\/artspond.com\\\/fr\\\/?s={search_term_string}\"},\"query-input\":{\"@type\":\"PropertyValueSpecification\",\"valueRequired\":true,\"valueName\":\"search_term_string\"}}],\"inLanguage\":\"fr-FR\"}]}<\/script>\n<!-- \/ Yoast SEO plugin. -->","yoast_head_json":{"title":"Rejoignez-nous - ArtsPond","description":"Avez-vous la volont\u00e9 de d\u00e9gentrifier l'Ontario? Vous pouvez nous aider \u00e0 favoriser des communaut\u00e9s plus accessibles, abordables, cr\u00e9atives et inclusives en Ontario","robots":{"index":"index","follow":"follow","max-snippet":"max-snippet:-1","max-image-preview":"max-image-preview:large","max-video-preview":"max-video-preview:-1"},"canonical":"https:\/\/artspond.com\/fr\/rejoignez-nous\/","og_locale":"fr_FR","og_type":"article","og_title":"Rejoignez-nous - ArtsPond","og_description":"Avez-vous la volont\u00e9 de d\u00e9gentrifier l'Ontario? Vous pouvez nous aider \u00e0 favoriser des communaut\u00e9s plus accessibles, abordables, cr\u00e9atives et inclusives en Ontario","og_url":"https:\/\/artspond.com\/fr\/rejoignez-nous\/","og_site_name":"ArtsPond","article_modified_time":"2019-08-06T17:32:24+00:00","twitter_card":"summary_large_image","twitter_misc":{"Dur\u00e9e de lecture estim\u00e9e":"3 minutes"},"schema":{"@context":"https:\/\/schema.org","@graph":[{"@type":"WebPage","@id":"https:\/\/artspond.com\/fr\/rejoignez-nous\/","url":"https:\/\/artspond.com\/fr\/rejoignez-nous\/","name":"Rejoignez-nous - ArtsPond","isPartOf":{"@id":"https:\/\/artspond.com\/fr\/#website"},"datePublished":"2018-07-16T20:30:48+00:00","dateModified":"2019-08-06T17:32:24+00:00","description":"Avez-vous la volont\u00e9 de d\u00e9gentrifier l'Ontario? Vous pouvez nous aider \u00e0 favoriser des communaut\u00e9s plus accessibles, abordables, cr\u00e9atives et inclusives en Ontario","breadcrumb":{"@id":"https:\/\/artspond.com\/fr\/rejoignez-nous\/#breadcrumb"},"inLanguage":"fr-FR","potentialAction":[{"@type":"ReadAction","target":["https:\/\/artspond.com\/fr\/rejoignez-nous\/"]}]},{"@type":"BreadcrumbList","@id":"https:\/\/artspond.com\/fr\/rejoignez-nous\/#breadcrumb","itemListElement":[{"@type":"ListItem","position":1,"name":"Home","item":"https:\/\/artspond.com\/fr\/"},{"@type":"ListItem","position":2,"name":"Rejoignez-nous"}]},{"@type":"WebSite","@id":"https:\/\/artspond.com\/fr\/#website","url":"https:\/\/artspond.com\/fr\/","name":"ArtsPond","description":"","potentialAction":[{"@type":"SearchAction","target":{"@type":"EntryPoint","urlTemplate":"https:\/\/artspond.com\/fr\/?s={search_term_string}"},"query-input":{"@type":"PropertyValueSpecification","valueRequired":true,"valueName":"search_term_string"}}],"inLanguage":"fr-FR"}]}},"_links":{"self":[{"href":"https:\/\/artspond.com\/fr\/wp-json\/wp\/v2\/pages\/4562","targetHints":{"allow":["GET"]}}],"collection":[{"href":"https:\/\/artspond.com\/fr\/wp-json\/wp\/v2\/pages"}],"about":[{"href":"https:\/\/artspond.com\/fr\/wp-json\/wp\/v2\/types\/page"}],"author":[{"embeddable":true,"href":"https:\/\/artspond.com\/fr\/wp-json\/wp\/v2\/users\/1"}],"replies":[{"embeddable":true,"href":"https:\/\/artspond.com\/fr\/wp-json\/wp\/v2\/comments?post=4562"}],"version-history":[{"count":0,"href":"https:\/\/artspond.com\/fr\/wp-json\/wp\/v2\/pages\/4562\/revisions"}],"wp:attachment":[{"href":"https:\/\/artspond.com\/fr\/wp-json\/wp\/v2\/media?parent=4562"}],"curies":[{"name":"wp","href":"https:\/\/api.w.org\/{rel}","templated":true}]}}