{"id":4072,"date":"2018-06-16T12:09:24","date_gmt":"2018-06-16T16:09:24","guid":{"rendered":"https:\/\/artspond.com\/personnes\/"},"modified":"2026-02-03T19:00:03","modified_gmt":"2026-02-04T00:00:03","slug":"personnes","status":"publish","type":"page","link":"https:\/\/artspond.com\/fr\/personnes\/","title":{"rendered":"Personnes"},"content":{"rendered":"<div class=\"wpb-content-wrapper\"><p>[vc_row][vc_column width=\u00a0\u00bb1\/2&Prime;][vc_column_text css=\u00a0\u00bb\u00a0\u00bb]<\/p>\n<h3><strong>Personnel<\/strong><\/h3>\n<p><a href=\"mailto:jessa@artspond.com\"><i class=\"fa fa-envelope \" ><\/i><\/a> \u00a0<strong>Jessa Agilo<\/strong>, Fondatrice et PDG<br \/><a href=\"mailto:margaret@artspond.com\"><i class=\"fa fa-envelope \" ><\/i><\/a> \u00a0<strong><strong>Margaret Lam<\/strong><\/strong>, Co-responsable des \u00e9cosyst\u00e8mes num\u00e9riques<strong><br \/>\n<\/strong><a href=\"mailto:tech@artse.ca\"><i class=\"fa fa-envelope \" ><\/i><\/a> \u00a0<strong>Amine El<\/strong>, Directeur de la technologie, Hatch Open \/ Artse United[\/vc_column_text][\/vc_column][vc_column width=\u00a0\u00bb1\/2&Prime;][vc_column_text]<\/p>\n<h3>Conseil d&rsquo;administration<\/h3>\n<p>Adam Cohoon<br \/>Julian Dobre<br \/>Lata Krishnamohan<br \/>Arthur Yeung[\/vc_column_text][\/vc_column][\/vc_row][vc_row css=\u00a0\u00bb.vc_custom_1530510932780{margin-top: 40px !important;margin-bottom: 40px !important;}\u00a0\u00bb][vc_column width=\u00a0\u00bb1\/3&Prime;][vc_single_image image=\u00a0\u00bb10541&Prime;][\/vc_column][vc_column width=\u00a0\u00bb2\/3&Prime;][vc_column_text]<\/p>\n<h4>Jessa Agilo, Fondatrice et PDG<\/h4>\n<p>Jessa Agilo est une cr\u00e9atrice, productrice, artisane du changement, soignante et entrepreneure queer, transgenre, handicap\u00e9e (folle, neurodiverse, immunod\u00e9prim\u00e9e), qui m\u00e8ne depuis 36 ans une carri\u00e8re dans le domaine des arts et de la culture au Canada. Jessa est une colonisatrice blanche qui se consacre \u00e0 la promotion de la justice avec, par et pour les groupes de toutes sortes qui ont besoin d&rsquo;\u00e9quit\u00e9 et de justice. Elle a \u00e9t\u00e9 boursi\u00e8re du Leaders Lab du Conseil des arts de Toronto en 2019 et de Positive Deviants de Wolf Willow en 2021. Elle a fait l&rsquo;objet d&rsquo;articles de la Presse canadienne, de CBC, de CityTV, du Globe and Mail, du Toronto Star, de Feral Arts (Australie) et de Culture24 (Royaume-Uni).[\/vc_column_text][\/vc_column][\/vc_row]<\/p>\n<\/div>","protected":false},"excerpt":{"rendered":"<p>[vc_row][vc_column width=\u00a0\u00bb1\/2&Prime;][vc_column_text css=\u00a0\u00bb\u00a0\u00bb] Personnel \u00a0Jessa Agilo, Fondatrice et PDG \u00a0Margaret Lam, Co-responsable des \u00e9cosyst\u00e8mes num\u00e9riques \u00a0Amine El, Directeur de la technologie, Hatch Open \/ Artse United[\/vc_column_text][\/vc_column][vc_column<span class=\"excerpt-hellip\"> [\u2026]<\/span><\/p>\n","protected":false},"author":1,"featured_media":0,"parent":0,"menu_order":0,"comment_status":"closed","ping_status":"closed","template":"","meta":{"footnotes":""},"class_list":["post-4072","page","type-page","status-publish","hentry"],"yoast_head":"<!-- This site is optimized with the Yoast SEO plugin v27.5 - https:\/\/yoast.com\/product\/yoast-seo-wordpress\/ -->\n<title>Personnes - ArtsPond<\/title>\n<meta name=\"robots\" content=\"index, follow, max-snippet:-1, max-image-preview:large, max-video-preview:-1\" \/>\n<link rel=\"canonical\" href=\"https:\/\/artspond.com\/fr\/personnes\/\" \/>\n<meta property=\"og:locale\" content=\"fr_FR\" \/>\n<meta property=\"og:type\" content=\"article\" \/>\n<meta property=\"og:title\" content=\"Personnes - ArtsPond\" \/>\n<meta property=\"og:description\" content=\"[vc_row][vc_column width=\u00a0\u00bb1\/2&Prime;][vc_column_text css=\u00a0\u00bb\u00a0\u00bb] Personnel \u00a0Jessa Agilo, Fondatrice et PDG \u00a0Margaret Lam, Co-responsable des \u00e9cosyst\u00e8mes num\u00e9riques \u00a0Amine El, Directeur de la technologie, Hatch Open \/ Artse United[\/vc_column_text][\/vc_column][vc_column [\u2026]\" \/>\n<meta property=\"og:url\" content=\"https:\/\/artspond.com\/fr\/personnes\/\" \/>\n<meta property=\"og:site_name\" content=\"ArtsPond\" \/>\n<meta property=\"article:modified_time\" content=\"2026-02-04T00:00:03+00:00\" \/>\n<meta name=\"twitter:card\" content=\"summary_large_image\" \/>\n<meta name=\"twitter:label1\" content=\"Dur\u00e9e de lecture estim\u00e9e\" \/>\n\t<meta name=\"twitter:data1\" content=\"1 minute\" \/>\n<script type=\"application\/ld+json\" class=\"yoast-schema-graph\">{\"@context\":\"https:\\\/\\\/schema.org\",\"@graph\":[{\"@type\":\"WebPage\",\"@id\":\"https:\\\/\\\/artspond.com\\\/fr\\\/personnes\\\/\",\"url\":\"https:\\\/\\\/artspond.com\\\/fr\\\/personnes\\\/\",\"name\":\"Personnes - ArtsPond\",\"isPartOf\":{\"@id\":\"https:\\\/\\\/artspond.com\\\/fr\\\/#website\"},\"datePublished\":\"2018-06-16T16:09:24+00:00\",\"dateModified\":\"2026-02-04T00:00:03+00:00\",\"breadcrumb\":{\"@id\":\"https:\\\/\\\/artspond.com\\\/fr\\\/personnes\\\/#breadcrumb\"},\"inLanguage\":\"fr-FR\",\"potentialAction\":[{\"@type\":\"ReadAction\",\"target\":[\"https:\\\/\\\/artspond.com\\\/fr\\\/personnes\\\/\"]}]},{\"@type\":\"BreadcrumbList\",\"@id\":\"https:\\\/\\\/artspond.com\\\/fr\\\/personnes\\\/#breadcrumb\",\"itemListElement\":[{\"@type\":\"ListItem\",\"position\":1,\"name\":\"Home\",\"item\":\"https:\\\/\\\/artspond.com\\\/fr\\\/\"},{\"@type\":\"ListItem\",\"position\":2,\"name\":\"Personnes\"}]},{\"@type\":\"WebSite\",\"@id\":\"https:\\\/\\\/artspond.com\\\/fr\\\/#website\",\"url\":\"https:\\\/\\\/artspond.com\\\/fr\\\/\",\"name\":\"ArtsPond\",\"description\":\"\",\"potentialAction\":[{\"@type\":\"SearchAction\",\"target\":{\"@type\":\"EntryPoint\",\"urlTemplate\":\"https:\\\/\\\/artspond.com\\\/fr\\\/?s={search_term_string}\"},\"query-input\":{\"@type\":\"PropertyValueSpecification\",\"valueRequired\":true,\"valueName\":\"search_term_string\"}}],\"inLanguage\":\"fr-FR\"}]}<\/script>\n<!-- \/ Yoast SEO plugin. -->","yoast_head_json":{"title":"Personnes - ArtsPond","robots":{"index":"index","follow":"follow","max-snippet":"max-snippet:-1","max-image-preview":"max-image-preview:large","max-video-preview":"max-video-preview:-1"},"canonical":"https:\/\/artspond.com\/fr\/personnes\/","og_locale":"fr_FR","og_type":"article","og_title":"Personnes - ArtsPond","og_description":"[vc_row][vc_column width=\u00a0\u00bb1\/2&Prime;][vc_column_text css=\u00a0\u00bb\u00a0\u00bb] Personnel \u00a0Jessa Agilo, Fondatrice et PDG \u00a0Margaret Lam, Co-responsable des \u00e9cosyst\u00e8mes num\u00e9riques \u00a0Amine El, Directeur de la technologie, Hatch Open \/ Artse United[\/vc_column_text][\/vc_column][vc_column [\u2026]","og_url":"https:\/\/artspond.com\/fr\/personnes\/","og_site_name":"ArtsPond","article_modified_time":"2026-02-04T00:00:03+00:00","twitter_card":"summary_large_image","twitter_misc":{"Dur\u00e9e de lecture estim\u00e9e":"1 minute"},"schema":{"@context":"https:\/\/schema.org","@graph":[{"@type":"WebPage","@id":"https:\/\/artspond.com\/fr\/personnes\/","url":"https:\/\/artspond.com\/fr\/personnes\/","name":"Personnes - ArtsPond","isPartOf":{"@id":"https:\/\/artspond.com\/fr\/#website"},"datePublished":"2018-06-16T16:09:24+00:00","dateModified":"2026-02-04T00:00:03+00:00","breadcrumb":{"@id":"https:\/\/artspond.com\/fr\/personnes\/#breadcrumb"},"inLanguage":"fr-FR","potentialAction":[{"@type":"ReadAction","target":["https:\/\/artspond.com\/fr\/personnes\/"]}]},{"@type":"BreadcrumbList","@id":"https:\/\/artspond.com\/fr\/personnes\/#breadcrumb","itemListElement":[{"@type":"ListItem","position":1,"name":"Home","item":"https:\/\/artspond.com\/fr\/"},{"@type":"ListItem","position":2,"name":"Personnes"}]},{"@type":"WebSite","@id":"https:\/\/artspond.com\/fr\/#website","url":"https:\/\/artspond.com\/fr\/","name":"ArtsPond","description":"","potentialAction":[{"@type":"SearchAction","target":{"@type":"EntryPoint","urlTemplate":"https:\/\/artspond.com\/fr\/?s={search_term_string}"},"query-input":{"@type":"PropertyValueSpecification","valueRequired":true,"valueName":"search_term_string"}}],"inLanguage":"fr-FR"}]}},"_links":{"self":[{"href":"https:\/\/artspond.com\/fr\/wp-json\/wp\/v2\/pages\/4072","targetHints":{"allow":["GET"]}}],"collection":[{"href":"https:\/\/artspond.com\/fr\/wp-json\/wp\/v2\/pages"}],"about":[{"href":"https:\/\/artspond.com\/fr\/wp-json\/wp\/v2\/types\/page"}],"author":[{"embeddable":true,"href":"https:\/\/artspond.com\/fr\/wp-json\/wp\/v2\/users\/1"}],"replies":[{"embeddable":true,"href":"https:\/\/artspond.com\/fr\/wp-json\/wp\/v2\/comments?post=4072"}],"version-history":[{"count":4,"href":"https:\/\/artspond.com\/fr\/wp-json\/wp\/v2\/pages\/4072\/revisions"}],"predecessor-version":[{"id":15810,"href":"https:\/\/artspond.com\/fr\/wp-json\/wp\/v2\/pages\/4072\/revisions\/15810"}],"wp:attachment":[{"href":"https:\/\/artspond.com\/fr\/wp-json\/wp\/v2\/media?parent=4072"}],"curies":[{"name":"wp","href":"https:\/\/api.w.org\/{rel}","templated":true}]}}