{"id":13263,"date":"2024-12-10T00:00:09","date_gmt":"2024-12-10T05:00:09","guid":{"rendered":"https:\/\/artspond.com\/les-graines-du-changement\/"},"modified":"2024-12-10T00:26:10","modified_gmt":"2024-12-10T05:26:10","slug":"les-graines-du-changement","status":"publish","type":"page","link":"https:\/\/artspond.com\/fr\/les-graines-du-changement\/","title":{"rendered":"Les graines du changement"},"content":{"rendered":"<div class=\"wpb-content-wrapper\"><p>[vc_row][vc_column][vc_column_text]Nous adh\u00e9rons \u00e0 quatre valeurs, attitudes, croyances et comportements qui aident les cr\u00e9atifs \u00e0 guider le changement social. Ces valeurs sont les suivantes :[\/vc_column_text][\/vc_column][\/vc_row][vc_row][vc_column width=\u00a0\u00bb1\/6&Prime;][vc_single_image image=\u00a0\u00bb13245&Prime; img_size=\u00a0\u00bb100&#215;100&Prime; alignment=\u00a0\u00bbright\u00a0\u00bb][\/vc_column][vc_column width=\u00a0\u00bb5\/6&Prime;][vc_column_text]<span style=\"font-size: 16pt;\"><strong>Cr\u00e9er<\/strong><\/span><br \/>\nCentrer les valeurs de sagesse artistique qui renforcent les liens sociaux pour le bien public.[\/vc_column_text][\/vc_column][\/vc_row][vc_row][vc_column width=\u00a0\u00bb1\/6&Prime;][vc_single_image image=\u00a0\u00bb13247&Prime; img_size=\u00a0\u00bb100&#215;100&Prime; alignment=\u00a0\u00bbright\u00a0\u00bb][\/vc_column][vc_column width=\u00a0\u00bb5\/6&Prime;][vc_column_text]<span style=\"font-size: 16pt;\"><strong>Engager<\/strong><\/span><br \/>\nAmplifier les attitudes qui favorisent un acc\u00e8s \u00e9quitable \u00e0 des \u00e9conomies cr\u00e9atives prosp\u00e8res pour tous.[\/vc_column_text][\/vc_column][\/vc_row][vc_row][vc_column width=\u00a0\u00bb1\/6&Prime;][vc_single_image image=\u00a0\u00bb13249&Prime; img_size=\u00a0\u00bb100&#215;100&Prime; alignment=\u00a0\u00bbright\u00a0\u00bb][\/vc_column][vc_column width=\u00a0\u00bb5\/6&Prime;][vc_column_text]<span style=\"font-size: 16pt;\"><strong>Partager<\/strong><\/span><br \/>\nApprofondir les croyances dans le pouvoir de la r\u00e9ciprocit\u00e9 culturelle pour nourrir des communaut\u00e9s saines.[\/vc_column_text][\/vc_column][\/vc_row][vc_row][vc_column width=\u00a0\u00bb1\/6&Prime;][vc_single_image image=\u00a0\u00bb13251&Prime; img_size=\u00a0\u00bb100&#215;100&Prime; alignment=\u00a0\u00bbright\u00a0\u00bb][\/vc_column][vc_column width=\u00a0\u00bb5\/6&Prime;][vc_column_text]<span style=\"font-size: 16pt;\"><strong>Soins<\/strong><\/span><br \/>\nSoutenir les comportements qui favorisent les plates-formes cr\u00e9atives de soins mutuels dans tous les domaines de la vie.[\/vc_column_text][\/vc_column][\/vc_row][vc_row][vc_column][vc_empty_space][\/vc_column][\/vc_row]<\/p>\n<\/div>","protected":false},"excerpt":{"rendered":"<p>[vc_row][vc_column][vc_column_text]Nous adh\u00e9rons \u00e0 quatre valeurs, attitudes, croyances et comportements qui aident les cr\u00e9atifs \u00e0 guider le changement social. Ces valeurs sont les suivantes :[\/vc_column_text][\/vc_column][\/vc_row][vc_row][vc_column width=\u00a0\u00bb1\/6&Prime;][vc_single_image image=\u00a0\u00bb13245&Prime;<span class=\"excerpt-hellip\"> [\u2026]<\/span><\/p>\n","protected":false},"author":1,"featured_media":0,"parent":0,"menu_order":0,"comment_status":"closed","ping_status":"closed","template":"","meta":{"footnotes":""},"class_list":["post-13263","page","type-page","status-publish","hentry"],"yoast_head":"<!-- This site is optimized with the Yoast SEO plugin v27.4 - https:\/\/yoast.com\/product\/yoast-seo-wordpress\/ -->\n<title>Les graines du changement - ArtsPond<\/title>\n<meta name=\"robots\" content=\"index, follow, max-snippet:-1, max-image-preview:large, max-video-preview:-1\" \/>\n<link rel=\"canonical\" href=\"https:\/\/artspond.com\/fr\/les-graines-du-changement\/\" \/>\n<meta property=\"og:locale\" content=\"fr_FR\" \/>\n<meta property=\"og:type\" content=\"article\" \/>\n<meta property=\"og:title\" content=\"Les graines du changement - ArtsPond\" \/>\n<meta property=\"og:description\" content=\"[vc_row][vc_column][vc_column_text]Nous adh\u00e9rons \u00e0 quatre valeurs, attitudes, croyances et comportements qui aident les cr\u00e9atifs \u00e0 guider le changement social. Ces valeurs sont les suivantes :[\/vc_column_text][\/vc_column][\/vc_row][vc_row][vc_column width=\u00a0\u00bb1\/6&Prime;][vc_single_image image=\u00a0\u00bb13245&Prime; [\u2026]\" \/>\n<meta property=\"og:url\" content=\"https:\/\/artspond.com\/fr\/les-graines-du-changement\/\" \/>\n<meta property=\"og:site_name\" content=\"ArtsPond\" \/>\n<meta property=\"article:modified_time\" content=\"2024-12-10T05:26:10+00:00\" \/>\n<meta name=\"twitter:card\" content=\"summary_large_image\" \/>\n<meta name=\"twitter:label1\" content=\"Dur\u00e9e de lecture estim\u00e9e\" \/>\n\t<meta name=\"twitter:data1\" content=\"1 minute\" \/>\n<script type=\"application\/ld+json\" class=\"yoast-schema-graph\">{\"@context\":\"https:\\\/\\\/schema.org\",\"@graph\":[{\"@type\":\"WebPage\",\"@id\":\"https:\\\/\\\/artspond.com\\\/fr\\\/les-graines-du-changement\\\/\",\"url\":\"https:\\\/\\\/artspond.com\\\/fr\\\/les-graines-du-changement\\\/\",\"name\":\"Les graines du changement - ArtsPond\",\"isPartOf\":{\"@id\":\"https:\\\/\\\/artspond.com\\\/fr\\\/#website\"},\"datePublished\":\"2024-12-10T05:00:09+00:00\",\"dateModified\":\"2024-12-10T05:26:10+00:00\",\"breadcrumb\":{\"@id\":\"https:\\\/\\\/artspond.com\\\/fr\\\/les-graines-du-changement\\\/#breadcrumb\"},\"inLanguage\":\"fr-FR\",\"potentialAction\":[{\"@type\":\"ReadAction\",\"target\":[\"https:\\\/\\\/artspond.com\\\/fr\\\/les-graines-du-changement\\\/\"]}]},{\"@type\":\"BreadcrumbList\",\"@id\":\"https:\\\/\\\/artspond.com\\\/fr\\\/les-graines-du-changement\\\/#breadcrumb\",\"itemListElement\":[{\"@type\":\"ListItem\",\"position\":1,\"name\":\"Home\",\"item\":\"https:\\\/\\\/artspond.com\\\/fr\\\/\"},{\"@type\":\"ListItem\",\"position\":2,\"name\":\"Les graines du changement\"}]},{\"@type\":\"WebSite\",\"@id\":\"https:\\\/\\\/artspond.com\\\/fr\\\/#website\",\"url\":\"https:\\\/\\\/artspond.com\\\/fr\\\/\",\"name\":\"ArtsPond\",\"description\":\"\",\"potentialAction\":[{\"@type\":\"SearchAction\",\"target\":{\"@type\":\"EntryPoint\",\"urlTemplate\":\"https:\\\/\\\/artspond.com\\\/fr\\\/?s={search_term_string}\"},\"query-input\":{\"@type\":\"PropertyValueSpecification\",\"valueRequired\":true,\"valueName\":\"search_term_string\"}}],\"inLanguage\":\"fr-FR\"}]}<\/script>\n<!-- \/ Yoast SEO plugin. -->","yoast_head_json":{"title":"Les graines du changement - ArtsPond","robots":{"index":"index","follow":"follow","max-snippet":"max-snippet:-1","max-image-preview":"max-image-preview:large","max-video-preview":"max-video-preview:-1"},"canonical":"https:\/\/artspond.com\/fr\/les-graines-du-changement\/","og_locale":"fr_FR","og_type":"article","og_title":"Les graines du changement - ArtsPond","og_description":"[vc_row][vc_column][vc_column_text]Nous adh\u00e9rons \u00e0 quatre valeurs, attitudes, croyances et comportements qui aident les cr\u00e9atifs \u00e0 guider le changement social. Ces valeurs sont les suivantes :[\/vc_column_text][\/vc_column][\/vc_row][vc_row][vc_column width=\u00a0\u00bb1\/6&Prime;][vc_single_image image=\u00a0\u00bb13245&Prime; [\u2026]","og_url":"https:\/\/artspond.com\/fr\/les-graines-du-changement\/","og_site_name":"ArtsPond","article_modified_time":"2024-12-10T05:26:10+00:00","twitter_card":"summary_large_image","twitter_misc":{"Dur\u00e9e de lecture estim\u00e9e":"1 minute"},"schema":{"@context":"https:\/\/schema.org","@graph":[{"@type":"WebPage","@id":"https:\/\/artspond.com\/fr\/les-graines-du-changement\/","url":"https:\/\/artspond.com\/fr\/les-graines-du-changement\/","name":"Les graines du changement - ArtsPond","isPartOf":{"@id":"https:\/\/artspond.com\/fr\/#website"},"datePublished":"2024-12-10T05:00:09+00:00","dateModified":"2024-12-10T05:26:10+00:00","breadcrumb":{"@id":"https:\/\/artspond.com\/fr\/les-graines-du-changement\/#breadcrumb"},"inLanguage":"fr-FR","potentialAction":[{"@type":"ReadAction","target":["https:\/\/artspond.com\/fr\/les-graines-du-changement\/"]}]},{"@type":"BreadcrumbList","@id":"https:\/\/artspond.com\/fr\/les-graines-du-changement\/#breadcrumb","itemListElement":[{"@type":"ListItem","position":1,"name":"Home","item":"https:\/\/artspond.com\/fr\/"},{"@type":"ListItem","position":2,"name":"Les graines du changement"}]},{"@type":"WebSite","@id":"https:\/\/artspond.com\/fr\/#website","url":"https:\/\/artspond.com\/fr\/","name":"ArtsPond","description":"","potentialAction":[{"@type":"SearchAction","target":{"@type":"EntryPoint","urlTemplate":"https:\/\/artspond.com\/fr\/?s={search_term_string}"},"query-input":{"@type":"PropertyValueSpecification","valueRequired":true,"valueName":"search_term_string"}}],"inLanguage":"fr-FR"}]}},"_links":{"self":[{"href":"https:\/\/artspond.com\/fr\/wp-json\/wp\/v2\/pages\/13263","targetHints":{"allow":["GET"]}}],"collection":[{"href":"https:\/\/artspond.com\/fr\/wp-json\/wp\/v2\/pages"}],"about":[{"href":"https:\/\/artspond.com\/fr\/wp-json\/wp\/v2\/types\/page"}],"author":[{"embeddable":true,"href":"https:\/\/artspond.com\/fr\/wp-json\/wp\/v2\/users\/1"}],"replies":[{"embeddable":true,"href":"https:\/\/artspond.com\/fr\/wp-json\/wp\/v2\/comments?post=13263"}],"version-history":[{"count":0,"href":"https:\/\/artspond.com\/fr\/wp-json\/wp\/v2\/pages\/13263\/revisions"}],"wp:attachment":[{"href":"https:\/\/artspond.com\/fr\/wp-json\/wp\/v2\/media?parent=13263"}],"curies":[{"name":"wp","href":"https:\/\/api.w.org\/{rel}","templated":true}]}}