{"id":12052,"date":"2023-10-24T19:10:15","date_gmt":"2023-10-24T23:10:15","guid":{"rendered":"https:\/\/artspond.com\/theorie-des-soins\/"},"modified":"2024-12-02T17:07:28","modified_gmt":"2024-12-02T22:07:28","slug":"theorie-des-soins","status":"publish","type":"page","link":"https:\/\/artspond.com\/fr\/theorie-des-soins\/","title":{"rendered":"Th\u00e9orie des soins"},"content":{"rendered":"<div class=\"wpb-content-wrapper\"><p>[vc_column css=\u00a0\u00bb.vc_custom_1545954210513{margin-top: -20px !important;margin-bottom: 0px !important;}\u00a0\u00bb][\/vc_column][vc_row][vc_column][vc_empty_space][\/vc_column][\/vc_row][vc_row][vc_column width=\u00a0\u00bb1\/4&Prime;][vc_custom_heading text=\u00a0\u00bbSI\u00a0\u00bb font_container=\u00a0\u00bbtag:h3|font_size:40|text_align:left|color:%230f7f91&Prime; google_fonts=\u00a0\u00bbfont_family:Montserrat%3Aregular%2C700|font_style:700%20bold%20regular%3A700%3Anormal\u00a0\u00bb css=\u00a0\u00bb.vc_custom_1698189826594{margin-right: 25px !important;}\u00a0\u00bb][\/vc_column][vc_column width=\u00a0\u00bb3\/4&Prime;][vc_column_text font_size=\u00a0\u00bblarge\u00a0\u00bb]nous encourageons des relations profondes, fond\u00e9es sur la confiance entre les agents du changement, les personnes en qu\u00eate de soins et les soignants[\/vc_column_text][\/vc_column][\/vc_row][vc_row][vc_column width=\u00a0\u00bb1\/4&Prime;][vc_custom_heading text=\u00a0\u00bbET\u00a0\u00bb font_container=\u00a0\u00bbtag:h3|font_size:40|text_align:left|color:%23db9327&Prime; google_fonts=\u00a0\u00bbfont_family:Montserrat%3Aregular%2C700|font_style:700%20bold%20regular%3A700%3Anormal\u00a0\u00bb css=\u00a0\u00bb.vc_custom_1698189831587{margin-right: 25px !important;}\u00a0\u00bb][\/vc_column][vc_column width=\u00a0\u00bb3\/4&Prime;][vc_column_text font_size=\u00a0\u00bblarge\u00a0\u00bb]nourrir les efforts de coop\u00e9ration qui renforcent la justice, la prosp\u00e9rit\u00e9 et le bien-\u00eatre avec, par et pour les groupes qui m\u00e9ritent l&rsquo;\u00e9quit\u00e9 et la justice[\/vc_column_text][\/vc_column][\/vc_row][vc_row][vc_column width=\u00a0\u00bb1\/4&Prime;][vc_custom_heading text=\u00a0\u00bbALORS\u00a0\u00bb font_container=\u00a0\u00bbtag:h3|font_size:40|text_align:left|color:%23a1bc56&Prime; google_fonts=\u00a0\u00bbfont_family:Montserrat%3Aregular%2C700|font_style:700%20bold%20regular%3A700%3Anormal\u00a0\u00bb css=\u00a0\u00bb.vc_custom_1698189837581{margin-right: 25px !important;}\u00a0\u00bb][\/vc_column][vc_column width=\u00a0\u00bb3\/4&Prime;][vc_column_text font_size=\u00a0\u00bblarge\u00a0\u00bb]des communaut\u00e9s humaines prosp\u00e8res et des \u00e9cosyst\u00e8mes plan\u00e9taires durables peuvent \u00e9voluer et se d\u00e9velopper dans la vie r\u00e9elle, virtuelle et naturelle[\/vc_column_text][\/vc_column][\/vc_row][vc_row][vc_column width=\u00a0\u00bb1\/4&Prime;][vc_custom_heading text=\u00a0\u00bbO\u00d9\u00a0\u00bb font_container=\u00a0\u00bbtag:h3|font_size:40|text_align:left|color:%23c41e68&Prime; google_fonts=\u00a0\u00bbfont_family:Montserrat%3Aregular%2C700|font_style:700%20bold%20regular%3A700%3Anormal\u00a0\u00bb css=\u00a0\u00bb.vc_custom_1698189843363{margin-right: 25px !important;}\u00a0\u00bb][\/vc_column][vc_column width=\u00a0\u00bb3\/4&Prime;][vc_column_text font_size=\u00a0\u00bblarge\u00a0\u00bb]les expressions artistiques, cr\u00e9atives et culturelles partag\u00e9es sont valoris\u00e9es en tant que catalyseurs vitaux qui guident et lient tous les \u00eatres vivants ensemble par le biais d&rsquo;un changement positif des syst\u00e8mes et d&rsquo;une attention mutuelle au quotidien[\/vc_column_text][\/vc_column][\/vc_row][vc_row][vc_column][vc_empty_space][\/vc_column][\/vc_row]<\/p>\n<\/div>","protected":false},"excerpt":{"rendered":"<p>[vc_column css=\u00a0\u00bb.vc_custom_1545954210513{margin-top: -20px !important;margin-bottom: 0px !important;}\u00a0\u00bb][\/vc_column][vc_row][vc_column][vc_empty_space][\/vc_column][\/vc_row][vc_row][vc_column width=\u00a0\u00bb1\/4&Prime;][vc_custom_heading text=\u00a0\u00bbSI\u00a0\u00bb font_container=\u00a0\u00bbtag:h3|font_size:40|text_align:left|color:%230f7f91&Prime; google_fonts=\u00a0\u00bbfont_family:Montserrat%3Aregular%2C700|font_style:700%20bold%20regular%3A700%3Anormal\u00a0\u00bb css=\u00a0\u00bb.vc_custom_1698189826594{margin-right: 25px !important;}\u00a0\u00bb][\/vc_column][vc_column width=\u00a0\u00bb3\/4&Prime;][vc_column_text font_size=\u00a0\u00bblarge\u00a0\u00bb]nous encourageons des relations profondes, fond\u00e9es sur la confiance entre les agents<span class=\"excerpt-hellip\"> [\u2026]<\/span><\/p>\n","protected":false},"author":1,"featured_media":0,"parent":0,"menu_order":0,"comment_status":"closed","ping_status":"closed","template":"","meta":{"footnotes":""},"class_list":["post-12052","page","type-page","status-publish","hentry"],"yoast_head":"<!-- This site is optimized with the Yoast SEO plugin v27.5 - https:\/\/yoast.com\/product\/yoast-seo-wordpress\/ -->\n<title>Th\u00e9orie des soins - ArtsPond<\/title>\n<meta name=\"robots\" content=\"index, follow, max-snippet:-1, max-image-preview:large, max-video-preview:-1\" \/>\n<link rel=\"canonical\" href=\"https:\/\/artspond.com\/fr\/theorie-des-soins\/\" \/>\n<meta property=\"og:locale\" content=\"fr_FR\" \/>\n<meta property=\"og:type\" content=\"article\" \/>\n<meta property=\"og:title\" content=\"Th\u00e9orie des soins - ArtsPond\" \/>\n<meta property=\"og:description\" content=\"[vc_column css=\u00a0\u00bb.vc_custom_1545954210513{margin-top: -20px !important;margin-bottom: 0px !important;}\u00a0\u00bb][\/vc_column][vc_row][vc_column][vc_empty_space][\/vc_column][\/vc_row][vc_row][vc_column width=\u00a0\u00bb1\/4&Prime;][vc_custom_heading text=\u00a0\u00bbSI\u00a0\u00bb font_container=\u00a0\u00bbtag:h3|font_size:40|text_align:left|color:%230f7f91&Prime; google_fonts=\u00a0\u00bbfont_family:Montserrat%3Aregular%2C700|font_style:700%20bold%20regular%3A700%3Anormal\u00a0\u00bb css=\u00a0\u00bb.vc_custom_1698189826594{margin-right: 25px !important;}\u00a0\u00bb][\/vc_column][vc_column width=\u00a0\u00bb3\/4&Prime;][vc_column_text font_size=\u00a0\u00bblarge\u00a0\u00bb]nous encourageons des relations profondes, fond\u00e9es sur la confiance entre les agents [\u2026]\" \/>\n<meta property=\"og:url\" content=\"https:\/\/artspond.com\/fr\/theorie-des-soins\/\" \/>\n<meta property=\"og:site_name\" content=\"ArtsPond\" \/>\n<meta property=\"article:modified_time\" content=\"2024-12-02T22:07:28+00:00\" \/>\n<meta name=\"twitter:card\" content=\"summary_large_image\" \/>\n<meta name=\"twitter:label1\" content=\"Dur\u00e9e de lecture estim\u00e9e\" \/>\n\t<meta name=\"twitter:data1\" content=\"2 minutes\" \/>\n<script type=\"application\/ld+json\" class=\"yoast-schema-graph\">{\"@context\":\"https:\\\/\\\/schema.org\",\"@graph\":[{\"@type\":\"WebPage\",\"@id\":\"https:\\\/\\\/artspond.com\\\/fr\\\/theorie-des-soins\\\/\",\"url\":\"https:\\\/\\\/artspond.com\\\/fr\\\/theorie-des-soins\\\/\",\"name\":\"Th\u00e9orie des soins - ArtsPond\",\"isPartOf\":{\"@id\":\"https:\\\/\\\/artspond.com\\\/fr\\\/#website\"},\"datePublished\":\"2023-10-24T23:10:15+00:00\",\"dateModified\":\"2024-12-02T22:07:28+00:00\",\"breadcrumb\":{\"@id\":\"https:\\\/\\\/artspond.com\\\/fr\\\/theorie-des-soins\\\/#breadcrumb\"},\"inLanguage\":\"fr-FR\",\"potentialAction\":[{\"@type\":\"ReadAction\",\"target\":[\"https:\\\/\\\/artspond.com\\\/fr\\\/theorie-des-soins\\\/\"]}]},{\"@type\":\"BreadcrumbList\",\"@id\":\"https:\\\/\\\/artspond.com\\\/fr\\\/theorie-des-soins\\\/#breadcrumb\",\"itemListElement\":[{\"@type\":\"ListItem\",\"position\":1,\"name\":\"Home\",\"item\":\"https:\\\/\\\/artspond.com\\\/fr\\\/\"},{\"@type\":\"ListItem\",\"position\":2,\"name\":\"Th\u00e9orie des soins\"}]},{\"@type\":\"WebSite\",\"@id\":\"https:\\\/\\\/artspond.com\\\/fr\\\/#website\",\"url\":\"https:\\\/\\\/artspond.com\\\/fr\\\/\",\"name\":\"ArtsPond\",\"description\":\"\",\"potentialAction\":[{\"@type\":\"SearchAction\",\"target\":{\"@type\":\"EntryPoint\",\"urlTemplate\":\"https:\\\/\\\/artspond.com\\\/fr\\\/?s={search_term_string}\"},\"query-input\":{\"@type\":\"PropertyValueSpecification\",\"valueRequired\":true,\"valueName\":\"search_term_string\"}}],\"inLanguage\":\"fr-FR\"}]}<\/script>\n<!-- \/ Yoast SEO plugin. -->","yoast_head_json":{"title":"Th\u00e9orie des soins - ArtsPond","robots":{"index":"index","follow":"follow","max-snippet":"max-snippet:-1","max-image-preview":"max-image-preview:large","max-video-preview":"max-video-preview:-1"},"canonical":"https:\/\/artspond.com\/fr\/theorie-des-soins\/","og_locale":"fr_FR","og_type":"article","og_title":"Th\u00e9orie des soins - ArtsPond","og_description":"[vc_column css=\u00a0\u00bb.vc_custom_1545954210513{margin-top: -20px !important;margin-bottom: 0px !important;}\u00a0\u00bb][\/vc_column][vc_row][vc_column][vc_empty_space][\/vc_column][\/vc_row][vc_row][vc_column width=\u00a0\u00bb1\/4&Prime;][vc_custom_heading text=\u00a0\u00bbSI\u00a0\u00bb font_container=\u00a0\u00bbtag:h3|font_size:40|text_align:left|color:%230f7f91&Prime; google_fonts=\u00a0\u00bbfont_family:Montserrat%3Aregular%2C700|font_style:700%20bold%20regular%3A700%3Anormal\u00a0\u00bb css=\u00a0\u00bb.vc_custom_1698189826594{margin-right: 25px !important;}\u00a0\u00bb][\/vc_column][vc_column width=\u00a0\u00bb3\/4&Prime;][vc_column_text font_size=\u00a0\u00bblarge\u00a0\u00bb]nous encourageons des relations profondes, fond\u00e9es sur la confiance entre les agents [\u2026]","og_url":"https:\/\/artspond.com\/fr\/theorie-des-soins\/","og_site_name":"ArtsPond","article_modified_time":"2024-12-02T22:07:28+00:00","twitter_card":"summary_large_image","twitter_misc":{"Dur\u00e9e de lecture estim\u00e9e":"2 minutes"},"schema":{"@context":"https:\/\/schema.org","@graph":[{"@type":"WebPage","@id":"https:\/\/artspond.com\/fr\/theorie-des-soins\/","url":"https:\/\/artspond.com\/fr\/theorie-des-soins\/","name":"Th\u00e9orie des soins - ArtsPond","isPartOf":{"@id":"https:\/\/artspond.com\/fr\/#website"},"datePublished":"2023-10-24T23:10:15+00:00","dateModified":"2024-12-02T22:07:28+00:00","breadcrumb":{"@id":"https:\/\/artspond.com\/fr\/theorie-des-soins\/#breadcrumb"},"inLanguage":"fr-FR","potentialAction":[{"@type":"ReadAction","target":["https:\/\/artspond.com\/fr\/theorie-des-soins\/"]}]},{"@type":"BreadcrumbList","@id":"https:\/\/artspond.com\/fr\/theorie-des-soins\/#breadcrumb","itemListElement":[{"@type":"ListItem","position":1,"name":"Home","item":"https:\/\/artspond.com\/fr\/"},{"@type":"ListItem","position":2,"name":"Th\u00e9orie des soins"}]},{"@type":"WebSite","@id":"https:\/\/artspond.com\/fr\/#website","url":"https:\/\/artspond.com\/fr\/","name":"ArtsPond","description":"","potentialAction":[{"@type":"SearchAction","target":{"@type":"EntryPoint","urlTemplate":"https:\/\/artspond.com\/fr\/?s={search_term_string}"},"query-input":{"@type":"PropertyValueSpecification","valueRequired":true,"valueName":"search_term_string"}}],"inLanguage":"fr-FR"}]}},"_links":{"self":[{"href":"https:\/\/artspond.com\/fr\/wp-json\/wp\/v2\/pages\/12052","targetHints":{"allow":["GET"]}}],"collection":[{"href":"https:\/\/artspond.com\/fr\/wp-json\/wp\/v2\/pages"}],"about":[{"href":"https:\/\/artspond.com\/fr\/wp-json\/wp\/v2\/types\/page"}],"author":[{"embeddable":true,"href":"https:\/\/artspond.com\/fr\/wp-json\/wp\/v2\/users\/1"}],"replies":[{"embeddable":true,"href":"https:\/\/artspond.com\/fr\/wp-json\/wp\/v2\/comments?post=12052"}],"version-history":[{"count":0,"href":"https:\/\/artspond.com\/fr\/wp-json\/wp\/v2\/pages\/12052\/revisions"}],"wp:attachment":[{"href":"https:\/\/artspond.com\/fr\/wp-json\/wp\/v2\/media?parent=12052"}],"curies":[{"name":"wp","href":"https:\/\/api.w.org\/{rel}","templated":true}]}}